{"id":224,"date":"2025-11-17T18:11:44","date_gmt":"2025-11-17T18:11:44","guid":{"rendered":"https:\/\/faircarecoop.com\/?page_id=224"},"modified":"2026-02-14T10:43:38","modified_gmt":"2026-02-14T10:43:38","slug":"\u00dcber-uns","status":"publish","type":"page","link":"https:\/\/faircarecoop.com\/de\/\u00dcber-uns\/","title":{"rendered":"\u00dcber uns"},"content":{"rendered":"\n<p><strong>Projekttitel:<\/strong>&nbsp;<br>Fair Care<br>Lernen und Training f\u00fcr Inklusion und Selbstbestimmung in Langzeitpflege<\/p>\n\n\n\n<p><strong>Projektdauer:<\/strong>&nbsp;<br>01.10.2024.- 31.05.2027.<\/p>\n\n\n\n<p><strong>Partnerorganisationen<\/strong>arbeiten in mehreren Formen und Fachbereichen, die gemeinsam das gesamte Spektrum der Zielgruppe des Projekts repr\u00e4sentieren.<\/p>\n\n\n\n<p><strong>Verein zur sozialen und beruflichen Integration e.V. \u2013 DEUTSCHLAND<\/strong>\u00a0<br>Die Bewerberorganisation und der Projektkoordinator sind in mehreren Bundesl\u00e4ndern in ganz Deutschland aktiv, mit ihrem Hauptsitz in Merseburg. VSBI ist ein Verein, der soziale Dienste und Erwachsenenbildung f\u00fcr Menschen mit Behinderungen und \u00e4lteren Erwachsenen anbietet. Ziel ist es, neue Servicekonzepte zu entwickeln, die die soziale Eingliederung von Menschen mit Behinderungen und \u00e4lteren Erwachsenen sicherstellen. Die Organisation bietet Beratung \u00fcber unabh\u00e4ngiges Wohnen, arbeitet Helpdesks auf pers\u00f6nlichen Budgets, betreibt pers\u00f6nliche Assistenzzentren, bietet Pflege- und Support-Services und organisiert Schulungen.<br>Link:<a href=\"https:\/\/vsbi.eu\/\" target=\"_blank\" rel=\"noreferrer noopener\">VSBI e.V. <\/a>\u00a0<br>\u00a0<br><strong>Cooperativa Sociale Cooss Marche Onlus Societa Cooperativa Per Azioni \u2013 ITALIEN<\/strong>\u00a0<br>Unser italienischer Partner hat seinen Sitz in Ancona. Es fungiert als Verein, Bereitstellung von Pflege- und Bildungsleistungen f\u00fcr \u00e4ltere Erwachsene und Menschen mit Behinderungen, um unabh\u00e4ngiges Leben zu unterst\u00fctzen. Das Hauptziel von COOSS ist es, die soziale und Arbeitsmarktintegration von Menschen mit unterschiedlichen Bed\u00fcrfnissen durch Bildungs-, Sozial- und Hilfsdienste zu unterst\u00fctzen. Die Organisation beteiligt sich an EU-Projekten, um innovative L\u00f6sungen zu entwickeln, organisiert Ausbildung f\u00fcr Sozialberufe und ist ein akkreditiertes Besch\u00e4ftigungszentrum.<br>Link:<a href=\"https:\/\/www.cooss.it\/en\/\" target=\"_blank\" rel=\"noreferrer noopener\">COOSS<\/a>\u00a0<\/p>\n\n\n\n<p>\u00a0<br><strong>Ske Pelendriou \u2013 CYPRUS<\/strong>\u00a0<br>Der Cypriot-Partner mit Sitz in Pelendri und Limassol arbeitet auch als Verein und entwickelt soziale Programme, um gef\u00e4hrdete Gruppen zu unterst\u00fctzen. Ihr Ziel ist es, die notwendigen sozialen Dienstleistungen in der Region Pitsilia anzubieten. Sie betreiben ein Tagespflegezentrum, ein Pflegeheim f\u00fcr \u00e4ltere Menschen und Heimdienste f\u00fcr \u00e4ltere Erwachsene und Menschen mit Behinderungen. Im Rahmen des Kinderschutzes f\u00fchren sie ein Kinderzimmer und organisieren Sommerlager. Sie unterst\u00fctzen auch die Integration junger Einwanderer.<br>Link:<a href=\"https:\/\/www.facebook.com\/profile.php?id=100064561967076&#038;locale=km_KH\" target=\"_blank\" rel=\"noreferrer noopener\">Facebook Ske Pelendriou<\/a>\u00a0<\/p>\n\n\n\n<p>\u00a0<br><strong>People First Gemeinn\u00fctziger Verein\u2013 UNGARN<\/strong>\u00a0<br>Der ungarische Partner in P\u00e9cs unterst\u00fctzt die unabh\u00e4ngige Lebens- und Selbstdarstellung von Menschen mit Behinderungen. Der Verein ist Mitglied eines internationalen Netzwerks. Seine Einzigartigkeit ist, dass sie Mitglieder mit allen Arten von Behinderungen hat, die M\u00f6glichkeiten f\u00fcr gegenseitiges Lernen schaffen. Sie wollen innovative L\u00f6sungen implementieren, f\u00fcr die Menschenrechte eintreten, die Interessen von Menschen mit Behinderungen vertreten und ein starkes Engagement f\u00fcr das Prinzip \u201eNichts \u00fcber uns ohne uns\u201c aufrecht erhalten. In Ungarn gibt es auch einzigartige Projekte, die den barrierefreien Tourismus unterst\u00fctzen.<br>Link:<a href=\"https:\/\/peoplefirst.hu\/en\/\" target=\"_blank\" rel=\"noreferrer noopener\">People First-HU<\/a>\u00a0<\/p>\n\n\n\n<p>\u00a0<br><strong>Social Enterprise International Tuatha Ltd \u2013 IRELAND<\/strong>\u00a0<br>Der irische Partner mit Sitz in Cork fungiert als Sozialunternehmen. Seine Kernaktivit\u00e4ten sind Bildung, soziales Unternehmen und insbesondere die Nutzung sozialer Unternehmen, um Gemeinschaften bei der Entwicklung ihrer eigenen Volkswirtschaften zu unterst\u00fctzen und nachhaltig zu werden. Sie arbeiten mit Gemeinden in zahlreichen L\u00e4ndern Europas, Asiens und Afrikas zusammen. SE Tuatha ist ein Pionier eines neuen sozialen Unternehmensmodells, das sich auf die faire Verteilung des Reichtums konzentriert.<br>Link:<a href=\"https:\/\/www.sei-tuatha.com\/\" target=\"_blank\" rel=\"noreferrer noopener\">SEI Tuatha<\/a>\u00a0<\/p>\n\n\n\n<p>\u00a0<br><strong>3IN Social, SCCL \u2013 SPANIEN<\/strong>\u00a0<br>Die spanische Partnerorganisation mit Sitz in Barcelona arbeitet als gemeinn\u00fctziges Unternehmen. Eine Sozialarbeitergenossenschaft, die soziale und \u00f6kologische Innovationsdienste und -projekte durchf\u00fchrt, mit einem besonderen Schwerpunkt auf Interkulturalit\u00e4t. Sie arbeiten mit jungen Menschen im Bereich der Arbeitsmarktintegration. Ihr Ziel ist es, Aspekte der Interkulturalit\u00e4t, der Einbeziehung und der generationen\u00fcbergreifenden Arbeit zu vertiefen und innovative Methoden umzusetzen.<br>Link:<a href=\"https:\/\/www.3insocial.org\/en\/\" target=\"_blank\" rel=\"noreferrer noopener\">3IN Social <\/a>\u00a0<\/p>\n","protected":false},"excerpt":{"rendered":"<p>Projekttitel:&nbsp;Fair CareLernen und Training f\u00fcr Inklusion und Selbstbestimmung in Langzeitpflege Projektdauer:&nbsp;01.10.2024.- 31.05.2027. Partnerorganisationenarbeiten in mehreren Formen und Fachbereichen, die gemeinsam das gesamte Spektrum der Zielgruppe des Projekts repr\u00e4sentieren. Verein zur sozialen und beruflichen Integration e.V. \u2013 DEUTSCHLAND\u00a0Die Bewerberorganisation und der Projektkoordinator sind in mehreren Bundesl\u00e4ndern in ganz Deutschland aktiv, mit ihrem Hauptsitz in Merseburg. VSBI [&hellip;]<\/p>\n","protected":false},"author":1,"featured_media":190,"parent":0,"menu_order":0,"comment_status":"closed","ping_status":"closed","template":"","meta":{"footnotes":""},"class_list":["post-224","page","type-page","status-publish","has-post-thumbnail","hentry"],"_links":{"self":[{"href":"https:\/\/faircarecoop.com\/de\/wp-json\/wp\/v2\/pages\/224","targetHints":{"allow":["GET"]}}],"collection":[{"href":"https:\/\/faircarecoop.com\/de\/wp-json\/wp\/v2\/pages"}],"about":[{"href":"https:\/\/faircarecoop.com\/de\/wp-json\/wp\/v2\/types\/page"}],"author":[{"embeddable":true,"href":"https:\/\/faircarecoop.com\/de\/wp-json\/wp\/v2\/users\/1"}],"replies":[{"embeddable":true,"href":"https:\/\/faircarecoop.com\/de\/wp-json\/wp\/v2\/comments?post=224"}],"version-history":[{"count":46,"href":"https:\/\/faircarecoop.com\/de\/wp-json\/wp\/v2\/pages\/224\/revisions"}],"predecessor-version":[{"id":808,"href":"https:\/\/faircarecoop.com\/de\/wp-json\/wp\/v2\/pages\/224\/revisions\/808"}],"wp:featuredmedia":[{"embeddable":true,"href":"https:\/\/faircarecoop.com\/de\/wp-json\/wp\/v2\/media\/190"}],"wp:attachment":[{"href":"https:\/\/faircarecoop.com\/de\/wp-json\/wp\/v2\/media?parent=224"}],"curies":[{"name":"wp","href":"https:\/\/api.w.org\/{rel}","templated":true}]}}