{"id":518,"date":"2025-11-23T18:52:50","date_gmt":"2025-11-23T18:52:50","guid":{"rendered":"https:\/\/faircarecoop.com\/?page_id=518"},"modified":"2026-02-20T11:43:09","modified_gmt":"2026-02-20T11:43:09","slug":"Schulungsmaterialseite","status":"publish","type":"page","link":"https:\/\/faircarecoop.com\/de\/Schulungsmaterialseite\/","title":{"rendered":"Trainingsmaterialien"},"content":{"rendered":"\n<div class=\"wp-block-group is-nowrap is-layout-flex wp-container-core-group-is-layout-6c531013 wp-block-group-is-layout-flex\">\n<p><br>Das Trainingsmaterial wurde von Anfang an auf der Grundlage der Bed\u00fcrfnisse der Zielgruppen entwickelt. Wir haben diese Bed\u00fcrfnisse zun\u00e4chst durch Frageb\u00f6gen ermittelt und nach Auswertung der Ergebnisse die Rahmenstruktur f\u00fcr das Material geschaffen. Das Trainingsmaterial wurde von den Beratungsteams in den Partnerl\u00e4ndern mit Inhalten gef\u00fcllt.<\/p>\n\n\n\n<figure class=\"wp-block-image size-large is-style-default\"><img loading=\"lazy\" decoding=\"async\" width=\"1024\" height=\"682\" src=\"https:\/\/faircarecoop.com\/wp-content\/uploads\/2025\/10\/Training-2-valtozat-1024x682.jpg\" alt=\"\" class=\"wp-image-204\" style=\"object-fit:cover\" srcset=\"https:\/\/faircarecoop.com\/wp-content\/uploads\/2025\/10\/Training-2-valtozat-1024x682.jpg 1024w, https:\/\/faircarecoop.com\/wp-content\/uploads\/2025\/10\/Training-2-valtozat-300x200.jpg 300w, https:\/\/faircarecoop.com\/wp-content\/uploads\/2025\/10\/Training-2-valtozat-768x512.jpg 768w, https:\/\/faircarecoop.com\/wp-content\/uploads\/2025\/10\/Training-2-valtozat.jpg 1280w\" sizes=\"auto, (max-width: 1024px) 100vw, 1024px\" \/><\/figure>\n<\/div>\n\n\n\n<div class=\"wp-block-group\"><div class=\"wp-block-group__inner-container is-layout-constrained wp-block-group-is-layout-constrained\">\n<p><br>Das bedeutet, dass alles, was Sie in den Trainingsmaterialien lesen, von den drei Zielgruppen selbst vorgeschlagen, erarbeitet, \u00fcberpr\u00fcft und zusammengestellt wurde. Es enth\u00e4lt alles, was Menschen in Langzeitpflege und diejenigen, die sie unterst\u00fctzen, wirklich brauchen, um ein m\u00f6glichst selbstbestimmtes Leben zu f\u00fchren.<\/p>\n<\/div><\/div>\n\n\n\n<p>Das Trainingsmaterial besteht aus <strong>5 Module:<\/strong>&nbsp;<\/p>\n\n\n\n<div class=\"wp-block-media-text is-stacked-on-mobile has-very-light-gray-to-cyan-bluish-gray-gradient-background has-background\" style=\"grid-template-columns:15% auto\"><figure class=\"wp-block-media-text__media\"><img loading=\"lazy\" decoding=\"async\" width=\"512\" height=\"512\" src=\"https:\/\/faircarecoop.com\/wp-content\/uploads\/2025\/09\/training-online-icon.png\" alt=\"\" class=\"wp-image-144 size-full\" srcset=\"https:\/\/faircarecoop.com\/wp-content\/uploads\/2025\/09\/training-online-icon.png 512w, https:\/\/faircarecoop.com\/wp-content\/uploads\/2025\/09\/training-online-icon-300x300.png 300w, https:\/\/faircarecoop.com\/wp-content\/uploads\/2025\/09\/training-online-icon-150x150.png 150w\" sizes=\"auto, (max-width: 512px) 100vw, 512px\" \/><\/figure><div class=\"wp-block-media-text__content\">\n<p style=\"font-style:normal;font-weight:700\"><strong>Selbsterm\u00e4chtigung und Selbstbestimmung<\/strong>&nbsp;<\/p>\n\n\n\n<p style=\"font-style:normal;font-weight:500\">Selbstbewusstsein und Identit\u00e4t als eine Person, die Pflege braucht<\/p>\n\n\n\n<p style=\"font-style:normal;font-weight:500\">Das Konzept der Peer-Beratungsmethoden<\/p>\n\n\n\n<p style=\"font-style:normal;font-weight:500\">Pers\u00f6nliche Zukunftsplanung: pers\u00f6nliche Ziele, Ideen, Herausforderungen und \u00c4ngste; das Pflegesystem und Chancen in meinem Land<\/p>\n<\/div><\/div>\n\n\n\n<div class=\"wp-block-media-text is-stacked-on-mobile\" style=\"grid-template-columns:15% auto\"><figure class=\"wp-block-media-text__media\"><img loading=\"lazy\" decoding=\"async\" width=\"512\" height=\"512\" src=\"https:\/\/faircarecoop.com\/wp-content\/uploads\/2025\/09\/training-online-icon.png\" alt=\"\" class=\"wp-image-144 size-full\" srcset=\"https:\/\/faircarecoop.com\/wp-content\/uploads\/2025\/09\/training-online-icon.png 512w, https:\/\/faircarecoop.com\/wp-content\/uploads\/2025\/09\/training-online-icon-300x300.png 300w, https:\/\/faircarecoop.com\/wp-content\/uploads\/2025\/09\/training-online-icon-150x150.png 150w\" sizes=\"auto, (max-width: 512px) 100vw, 512px\" \/><\/figure><div class=\"wp-block-media-text__content\">\n<p style=\"font-style:normal;font-weight:700\"><strong>Die Rolle der Pflegekr\u00e4fte und die Situation der Familienpfleger<\/strong>&nbsp;<\/p>\n\n\n\n<p style=\"font-style:normal;font-weight:500\">Beratung Methoden: Kommunikation, kundenzentrierter Ansatz, Peer-Ansatz<\/p>\n\n\n\n<p style=\"font-style:normal;font-weight:500\">Praktische Erfahrungen in der Selbstverteidigung<\/p>\n\n\n\n<p style=\"font-style:normal;font-weight:500\">Beratung und Marketing von und f\u00fcr Menschen, die Pflege ben\u00f6tigen<\/p>\n<\/div><\/div>\n\n\n\n<div class=\"wp-block-media-text is-stacked-on-mobile has-very-light-gray-to-cyan-bluish-gray-gradient-background has-background\" style=\"grid-template-columns:15% auto\"><figure class=\"wp-block-media-text__media\"><img loading=\"lazy\" decoding=\"async\" width=\"512\" height=\"512\" src=\"https:\/\/faircarecoop.com\/wp-content\/uploads\/2025\/09\/training-online-icon.png\" alt=\"\" class=\"wp-image-144 size-full\" srcset=\"https:\/\/faircarecoop.com\/wp-content\/uploads\/2025\/09\/training-online-icon.png 512w, https:\/\/faircarecoop.com\/wp-content\/uploads\/2025\/09\/training-online-icon-300x300.png 300w, https:\/\/faircarecoop.com\/wp-content\/uploads\/2025\/09\/training-online-icon-150x150.png 150w\" sizes=\"auto, (max-width: 512px) 100vw, 512px\" \/><\/figure><div class=\"wp-block-media-text__content\">\n<p style=\"font-style:normal;font-weight:700\"><strong>Kommunikation<\/strong>&nbsp;<\/p>\n\n\n\n<p style=\"font-style:normal;font-weight:500\">Erwartungen an informelle Pflegekr\u00e4fte, Freiwillige, professionelle Pflegekr\u00e4fte und die Gemeinschaft<\/p>\n\n\n\n<p style=\"font-style:normal;font-weight:500\">Beratungsverfahren: Konfliktmanagement und systemische Perspektive sowie L\u00f6sungsstrategien<\/p>\n<\/div><\/div>\n\n\n\n<div class=\"wp-block-media-text is-stacked-on-mobile\" style=\"grid-template-columns:15% auto\"><figure class=\"wp-block-media-text__media\"><img loading=\"lazy\" decoding=\"async\" width=\"512\" height=\"512\" src=\"https:\/\/faircarecoop.com\/wp-content\/uploads\/2025\/09\/training-online-icon.png\" alt=\"\" class=\"wp-image-144 size-full\" srcset=\"https:\/\/faircarecoop.com\/wp-content\/uploads\/2025\/09\/training-online-icon.png 512w, https:\/\/faircarecoop.com\/wp-content\/uploads\/2025\/09\/training-online-icon-300x300.png 300w, https:\/\/faircarecoop.com\/wp-content\/uploads\/2025\/09\/training-online-icon-150x150.png 150w\" sizes=\"auto, (max-width: 512px) 100vw, 512px\" \/><\/figure><div class=\"wp-block-media-text__content\">\n<p style=\"font-style:normal;font-weight:700\">Personenzentrierte Planung<\/p>\n\n\n\n<p style=\"font-style:normal;font-weight:500\">Selbsteinsch\u00e4tzung<\/p>\n\n\n\n<p style=\"font-style:normal;font-weight:500\">Erwachsenenbildung: Rollen, Funktionen und Methoden (formales, informelles und nicht formales Lernen) aus Sicht eines Trainers<\/p>\n<\/div><\/div>\n\n\n\n<div class=\"wp-block-media-text is-stacked-on-mobile has-very-light-gray-to-cyan-bluish-gray-gradient-background has-background\" style=\"grid-template-columns:15% auto\"><figure class=\"wp-block-media-text__media\"><img loading=\"lazy\" decoding=\"async\" width=\"512\" height=\"512\" src=\"https:\/\/faircarecoop.com\/wp-content\/uploads\/2025\/09\/training-online-icon.png\" alt=\"\" class=\"wp-image-144 size-full\" srcset=\"https:\/\/faircarecoop.com\/wp-content\/uploads\/2025\/09\/training-online-icon.png 512w, https:\/\/faircarecoop.com\/wp-content\/uploads\/2025\/09\/training-online-icon-300x300.png 300w, https:\/\/faircarecoop.com\/wp-content\/uploads\/2025\/09\/training-online-icon-150x150.png 150w\" sizes=\"auto, (max-width: 512px) 100vw, 512px\" \/><\/figure><div class=\"wp-block-media-text__content\">\n<p style=\"font-style:normal;font-weight:700\">Erwachsenenbildung und Qualifikationsentwicklung<\/p>\n\n\n\n<p style=\"font-style:normal;font-weight:500\">Bewertung und kritische Methoden lernen und anwenden<\/p>\n\n\n\n<p style=\"font-style:normal;font-weight:500\">Entwicklung des FairCare Trainingskonzepts und des Lernzentrums<\/p>\n<\/div><\/div>\n\n\n\n<p>Klicken Sie auf den Link, um den leicht zug\u00e4nglichen Moodle-Kurs zu erreichen. Es ist in allen Partnersprachen erh\u00e4ltlich: Englisch, Ungarisch, Deutsch, Italienisch, Spanisch und Griechisch (Cyprus). Sie k\u00f6nnen den Kurs selbst erkunden oder sich mit Ihrem Landkoordinator in Verbindung setzen, um an einem Face-to-face-Training teilzunehmen. Sie k\u00f6nnen sogar eine Sitzung f\u00fcr eine Gruppe organisieren, die Ihr Landkoordinator gerne f\u00fcr Sie im FairCare Training Center organisieren wird.<br>Die Kontaktdaten Ihres Landeskoordinators finden Sie unten auf der Startseite.<\/p>\n\n\n\n<div class=\"wp-block-buttons is-layout-flex wp-block-buttons-is-layout-flex\">\n<div class=\"wp-block-button\"><a class=\"wp-block-button__link wp-element-button\">TRAININGSMATERIAL<\/a><\/div>\n<\/div>\n\n\n\n<p><\/p>\n","protected":false},"excerpt":{"rendered":"<p>Das Trainingsmaterial wurde von Anfang an auf der Grundlage der Bed\u00fcrfnisse der Zielgruppen entwickelt. Wir haben diese Bed\u00fcrfnisse zun\u00e4chst durch Frageb\u00f6gen ermittelt und nach Auswertung der Ergebnisse die Rahmenstruktur f\u00fcr das Material geschaffen. Das Trainingsmaterial wurde von den Beratungsteams in den Partnerl\u00e4ndern mit Inhalten gef\u00fcllt. Das bedeutet, dass alles, was Sie in den Trainingsmaterialien lesen, [&hellip;]<\/p>\n","protected":false},"author":1,"featured_media":0,"parent":0,"menu_order":0,"comment_status":"closed","ping_status":"closed","template":"","meta":{"footnotes":""},"class_list":["post-518","page","type-page","status-publish","hentry"],"_links":{"self":[{"href":"https:\/\/faircarecoop.com\/de\/wp-json\/wp\/v2\/pages\/518","targetHints":{"allow":["GET"]}}],"collection":[{"href":"https:\/\/faircarecoop.com\/de\/wp-json\/wp\/v2\/pages"}],"about":[{"href":"https:\/\/faircarecoop.com\/de\/wp-json\/wp\/v2\/types\/page"}],"author":[{"embeddable":true,"href":"https:\/\/faircarecoop.com\/de\/wp-json\/wp\/v2\/users\/1"}],"replies":[{"embeddable":true,"href":"https:\/\/faircarecoop.com\/de\/wp-json\/wp\/v2\/comments?post=518"}],"version-history":[{"count":23,"href":"https:\/\/faircarecoop.com\/de\/wp-json\/wp\/v2\/pages\/518\/revisions"}],"predecessor-version":[{"id":819,"href":"https:\/\/faircarecoop.com\/de\/wp-json\/wp\/v2\/pages\/518\/revisions\/819"}],"wp:attachment":[{"href":"https:\/\/faircarecoop.com\/de\/wp-json\/wp\/v2\/media?parent=518"}],"curies":[{"name":"wp","href":"https:\/\/api.w.org\/{rel}","templated":true}]}}