{"id":192,"date":"2025-09-30T09:31:15","date_gmt":"2025-09-30T09:31:15","guid":{"rendered":"https:\/\/faircarecoop.com\/?page_id=192"},"modified":"2025-12-18T10:39:27","modified_gmt":"2025-12-18T10:39:27","slug":"\u0391\u03c0\u03bf\u03c0\u03bf\u03af\u03b7\u03c3\u03b7-\u03b5\u03c5\u03b8\u03cd\u03bd\u03b7\u03c2-\u03b1\u03c0\u03cc-\u03c4\u03bf-Erasmus","status":"publish","type":"page","link":"https:\/\/faircarecoop.com\/el\/\u0391\u03c0\u03bf\u03c0\u03bf\u03af\u03b7\u03c3\u03b7-\u03b5\u03c5\u03b8\u03cd\u03bd\u03b7\u03c2-\u03b1\u03c0\u03cc-\u03c4\u03bf-Erasmus\/","title":{"rendered":"\u0391\u03c0\u03bf\u03c0\u03bf\u03af\u03b7\u03c3\u03b7 \u03b5\u03c5\u03b8\u03cd\u03bd\u03b7\u03c2 \u03b1\u03c0\u03cc \u03c4\u03bf Erasmus"},"content":{"rendered":"\n<h2 class=\"wp-block-heading\"><strong><br><strong>\u0391\u03c0\u03bf\u03c0\u03bf\u03af\u03b7\u03c3\u03b7 \u03b5\u03c5\u03b8\u03cd\u03bd\u03b7\u03c2 \u03c0\u03c1\u03bf\u03c2 \u03c7\u03c1\u03ae\u03c3\u03b7 \u03c3\u03b5 \u03cc\u03bb\u03b1 \u03c4\u03b1 \u03c0\u03b1\u03c1\u03b1\u03b3\u03cc\u03bc\u03b5\u03bd\u03b1 \u03c5\u03bb\u03b9\u03ba\u03ac<\/strong><\/strong><\/h2>\n\n\n\n<p><br>\u0395\u03ac\u03bd \u03ad\u03c7\u03b5\u03c4\u03b5 \u03bb\u03ac\u03b2\u03b5\u03b9 \u03c7\u03c1\u03b7\u03bc\u03b1\u03c4\u03bf\u03b4\u03cc\u03c4\u03b7\u03c3\u03b7 \u03b1\u03c0\u03cc \u03c4\u03bf EACEA, \u03c4\u03cc\u03c4\u03b5 \u03bf\u03c0\u03bf\u03b9\u03b1\u03b4\u03ae\u03c0\u03bf\u03c4\u03b5 \u03b4\u03c1\u03b1\u03c3\u03c4\u03b7\u03c1\u03b9\u03cc\u03c4\u03b7\u03c4\u03b1 \u03b5\u03c0\u03b9\u03ba\u03bf\u03b9\u03bd\u03c9\u03bd\u03af\u03b1\u03c2 \u03ae \u03b4\u03b9\u03ac\u03b4\u03bf\u03c3\u03b7\u03c2 \u03c0\u03bf\u03c5 \u03b1\u03bd\u03b1\u03bb\u03b1\u03bc\u03b2\u03ac\u03bd\u03b5\u03c4\u03b5 \u03c3\u03c7\u03b5\u03c4\u03b9\u03ba\u03ac \u03bc\u03b5 \u03c4\u03bf \u03ad\u03c1\u03b3\u03bf \u03b3\u03b9\u03b1 \u03c4\u03bf \u03bf\u03c0\u03bf\u03af\u03bf \u03bb\u03ac\u03b2\u03b1\u03c4\u03b5 \u03c7\u03c1\u03b7\u03bc\u03b1\u03c4\u03bf\u03b4\u03cc\u03c4\u03b7\u03c3\u03b7 \u03c0\u03c1\u03ad\u03c0\u03b5\u03b9 \u03bd\u03b1 \u03c0\u03b5\u03c1\u03b9\u03ad\u03c7\u03b5\u03b9 \u03c4\u03b7\u03bd \u03b1\u03ba\u03cc\u03bb\u03bf\u03c5\u03b8\u03b7 \u03b1\u03c0\u03bf\u03c0\u03bf\u03af\u03b7\u03c3\u03b7 \u03b5\u03c5\u03b8\u03cd\u03bd\u03b7\u03c2 \u03c3\u03c4\u03b7\u03bd \u03ba\u03b1\u03c4\u03ac\u03bb\u03bb\u03b7\u03bb\u03b7 \u03b3\u03bb\u03ce\u03c3\u03c3\u03b1. (\u0392\u03bb\u03ad\u03c0\u03b5 \u03ac\u03c1\u03b8\u03c1\u03bf 17 \u03c4\u03b7\u03c2 \u03c3\u03c5\u03bc\u03c6\u03c9\u03bd\u03af\u03b1\u03c2 \u03b5\u03c0\u03b9\u03c7\u03bf\u03c1\u03ae\u03b3\u03b7\u03c3\u03b7\u03c2 \u03b3\u03b9\u03b1 \u03c0\u03bb\u03ae\u03c1\u03b7 \u03c3\u03c4\u03bf\u03b9\u03c7\u03b5\u03af\u03b1.)<\/p>\n\n\n\n<figure class=\"wp-block-table\"><table class=\"has-fixed-layout\"><tbody><tr><td><strong><br>\u0393\u03bb\u03ce\u03c3\u03c3\u03b1<\/strong><\/td><td><strong><br>\u0391\u03c0\u03bf\u03c0\u03bf\u03af\u03b7\u03c3\u03b7 \u03b5\u03c5\u03b8\u03cd\u03bd\u03b7\u03c2<\/strong><\/td><\/tr><tr><td>BG<\/td><td> \u0418\u0437\u0440\u0430\u0437\u0435\u043d\u0438\u0442\u0435 \u0432\u044a\u0437\u0433\u043b\u0435\u0434\u0438 \u0438 \u043c\u043d\u0435\u043d\u0438\u044f \u043e\u0431\u0430\u0447\u0435 \u043f\u0440\u0438\u043d\u0430\u0434\u043b\u0435\u0436\u0430\u0442 \u0438\u0437\u0446\u044f\u043b\u043e \u043d\u0430 \u0442\u0435\u0445\u043d\u0438\u044f(\u0438\u0442\u0435) \u0430\u0432\u0442\u043e\u0440(\u0438) \u0438 \u043d\u0435 \u043e\u0442\u0440\u0430\u0437\u044f\u0432\u0430\u0442 \u043d\u0435\u043f\u0440\u0435\u043c\u0435\u043d\u043d\u043e \u0432\u044a\u0437\u0433\u043b\u0435\u0434\u0438\u0442\u0435 \u0438 \u043c\u043d\u0435\u043d\u0438\u043d\u0430  \u0417\u0430 \u0442\u044f\u0445 \u043d\u0435 \u043d\u043e\u0441\u0438 \u043e\u0442\u0433\u043e\u0432\u043e\u0440\u043d\u043e\u0441\u0442 \u043d\u0438\u0442\u043e <\/td><\/tr><tr><td>\u0391\u03a7<\/td><td>\u03a6\u03b9\u03bd\u03b1\u03bd\u03ba\u03bf\u03b2\u03ac\u03bd\u03bf \u0395\u03b2\u03c1\u03cc\u03c0\u03c3\u03ba\u03bf\u03c5. N\u00e1zory vyj\u00e1d\u0159en\u00e9 jsou n\u00e1zory autora a neodr\u00e1\u017e\u00ed nunn\u011b ofici\u00e1ln\u00ed stanovisko Evropsk\u00e9 unie \u010di Evropsk\u00e9 v\u00fdkonn\u00e9 agentury pro vzd\u011bl\u00e1v\u00e1n\u00ed a kulturu (EACEA). (\u03c3\u03c4\u03b1 \u0391\u03b3\u03b3\u03bb\u03b9\u03ba\u03ac). Evropsk\u00e1 unie ani EACEA za vyj\u00e1d\u0159en\u00e9 n\u00e1zory nenese odpov\u011bdnost (\u03c3\u03c4\u03b1 \u0391\u03b3\u03b3\u03bb\u03b9\u03ba\u03ac).<\/td><\/tr><tr><td>DA<\/td><td>Finansieret af Den Europ\u00e6iske Union (\u03c3\u03c4\u03b1 \u0391\u03b3\u03b3\u03bb\u03b9\u03ba\u03ac). Synspunkter og holdninger, der kommer til udtryk, er udelukkende forfatterens\/forfatternes og er ikke n\u00f8vendigvis udtryk for Den Europ\u00e6iske Unions eller Det Europ\u00e6iske Forvaltningsorgan for Uddannelse og Kulturs (EACEA) officielle holdning. Hverken den Europ\u00e6iske Union eller EACEA kan \u03ba\u03b1\u03c4\u03ad\u03c7\u03b5\u03b9 ansvarlig herfor.<\/td><\/tr><tr><td>DE<\/td><td>Von der Europ\u00e4ischen Union finanziert (\u03c3\u03c4\u03b1 \u0391\u03b3\u03b3\u03bb\u03b9\u03ba\u03ac). Die ge\u00e4u\u00dferten Ansichten und Meinungen entsprechen jedoch ausschlie\u00dflich denen des Autors bzw. der Autoren und spiegeln nicht zwingend die der Europ\u00e4ischen Union oder der Europ\u00e4ischen Exekutivagentur f\u00fcr Bildung und Kultur (EACEA) \u03b5\u03c5\u03c1\u03cd\u03c4\u03b5\u03c1\u03b1. Weder die Europ\u00e4ische Union noch die EACEA k\u00f6nnen daf\u00fcr verantwortlich gemacht werden. (\u03c3\u03c4\u03b1 \u0391\u03b3\u03b3\u03bb\u03b9\u03ba\u03ac).<\/td><\/tr><tr><td>EL<\/td><td><br>\u03a7\u03c1\u03b7\u03bc\u03b1\u03c4\u03bf\u03b4\u03bf\u03c4\u03b5\u03af\u03c4\u03b1\u03b9 \u03b1\u03c0\u03cc \u03c4\u03b7\u03bd \u0395\u03c5\u03c1\u03c9\u03c0\u03b1\u03ca\u03ba\u03ae \u0388\u03bd\u03c9\u03c3\u03b7. \u03a9\u03c3\u03c4\u03cc\u03c3\u03bf, \u03bf\u03b9 \u03b1\u03c0\u03cc\u03c8\u03b5\u03b9\u03c2 \u03ba\u03b1\u03b9 \u03bf\u03b9 \u03b3\u03bd\u03ce\u03bc\u03b5\u03c2 \u03c0\u03bf\u03c5 \u03b5\u03ba\u03c6\u03c1\u03ac\u03b6\u03bf\u03bd\u03c4\u03b1\u03b9 \u03b5\u03af\u03bd\u03b1\u03b9 \u03b1\u03c0\u03bf\u03ba\u03bb\u03b5\u03b9\u03c3\u03c4\u03b9\u03ba\u03ac \u03c4\u03bf\u03c5\/\u03c4\u03c9\u03bd \u03c3\u03c5\u03b3\u03b3\u03c1\u03b1\u03c6\u03ad\u03b1\/\u03c3\u03c5\u03b3\u03b3\u03c1\u03b1\u03c6\u03ad\u03c9\u03bd \u03ba\u03b1\u03b9 \u03b4\u03b5\u03bd \u03b1\u03bd\u03c4\u03b9\u03ba\u03b1\u03c4\u03bf\u03c0\u03c4\u03c1\u03af\u03b6\u03bf\u03c5\u03bd \u03b1\u03c0\u03b1\u03c1\u03b1\u03af\u03c4\u03b7\u03c4\u03b1 \u03c4\u03b9\u03c2 \u03b1\u03c0\u03cc\u03c8\u03b5\u03b9\u03c2 \u03c4\u03b7\u03c2 \u0395\u03c5\u03c1\u03c9\u03c0\u03b1\u03ca\u03ba\u03ae\u03c2 \u0388\u03bd\u03c9\u03c3\u03b7\u03c2 \u03ae \u03c4\u03b7\u03c2 \u0395\u03c5\u03c1\u03c9\u03c0\u03b1\u03ca\u03ba\u03ae\u03c2 \u0395\u03ba\u03c4\u03b5\u03bb\u03b5\u03c3\u03c4\u03b9\u03ba\u03ae\u03c2 \u03a5\u03c0\u03b7\u03c1\u03b5\u03c3\u03af\u03b1\u03c2 \u0395\u03ba\u03c0\u03b1\u03af\u03b4\u03b5\u03c5\u03c3\u03b7\u03c2 \u03ba\u03b1\u03b9 \u03a0\u03bf\u03bb\u03b9\u03c4\u03b9\u03c3\u03bc\u03bf\u03cd (EACEA). \u039f\u03cd\u03c4\u03b5 \u03b7 \u0395\u03c5\u03c1\u03c9\u03c0\u03b1\u03ca\u03ba\u03ae \u0388\u03bd\u03c9\u03c3\u03b7 \u03bf\u03cd\u03c4\u03b5 \u03b7 EACEA \u03bc\u03c0\u03bf\u03c1\u03bf\u03cd\u03bd \u03bd\u03b1 \u03b8\u03b5\u03c9\u03c1\u03b7\u03b8\u03bf\u03cd\u03bd \u03c5\u03c0\u03b5\u03cd\u03b8\u03c5\u03bd\u03b5\u03c2 \u03b3\u03b9\u03b1 \u03b1\u03c5\u03c4\u03ad\u03c2.<\/td><\/tr><tr><td>\u0395\u039d<\/td><td>\u03a7\u03c1\u03b7\u03bc\u03b1\u03c4\u03bf\u03b4\u03bf\u03c4\u03b5\u03af\u03c4\u03b1\u03b9 \u03b1\u03c0\u03cc \u03c4\u03b7\u03bd \u0395\u03c5\u03c1\u03c9\u03c0\u03b1\u03ca\u03ba\u03ae \u0388\u03bd\u03c9\u03c3\u03b7. \u039f\u03b9 \u03b1\u03c0\u03cc\u03c8\u03b5\u03b9\u03c2 \u03ba\u03b1\u03b9 \u03bf\u03b9 \u03b3\u03bd\u03ce\u03bc\u03b5\u03c2 \u03c0\u03bf\u03c5 \u03b5\u03ba\u03c6\u03c1\u03ac\u03b6\u03bf\u03bd\u03c4\u03b1\u03b9 \u03b5\u03af\u03bd\u03b1\u03b9, \u03c9\u03c3\u03c4\u03cc\u03c3\u03bf, \u03bc\u03cc\u03bd\u03bf \u03c4\u03bf\u03c5 \u03c3\u03c5\u03bd\u03c4\u03ac\u03ba\u03c4\u03b7 \u03ba\u03b1\u03b9 \u03b4\u03b5\u03bd \u03b1\u03bd\u03c4\u03b1\u03bd\u03b1\u03ba\u03bb\u03bf\u03cd\u03bd \u03b1\u03c0\u03b1\u03c1\u03b1\u03af\u03c4\u03b7\u03c4\u03b1 \u03c4\u03b9\u03c2 \u03b1\u03c0\u03cc\u03c8\u03b5\u03b9\u03c2 \u03c4\u03b7\u03c2 \u0395\u03c5\u03c1\u03c9\u03c0\u03b1\u03ca\u03ba\u03ae\u03c2 \u0388\u03bd\u03c9\u03c3\u03b7\u03c2 \u03ae \u03c4\u03bf\u03c5 \u0395\u03c5\u03c1\u03c9\u03c0\u03b1\u03ca\u03ba\u03bf\u03cd \u0395\u03ba\u03c4\u03b5\u03bb\u03b5\u03c3\u03c4\u03b9\u03ba\u03bf\u03cd \u039f\u03c1\u03b3\u03b1\u03bd\u03b9\u03c3\u03bc\u03bf\u03cd \u03b3\u03b9\u03b1 \u03c4\u03b7\u03bd \u0395\u03ba\u03c0\u03b1\u03af\u03b4\u03b5\u03c5\u03c3\u03b7 \u03ba\u03b1\u03b9 \u03c4\u03bf\u03bd \u03a0\u03bf\u03bb\u03b9\u03c4\u03b9\u03c3\u03bc\u03cc (EACEA). \u039f\u03cd\u03c4\u03b5 \u03b7 \u0395\u03c5\u03c1\u03c9\u03c0\u03b1\u03ca\u03ba\u03ae \u0388\u03bd\u03c9\u03c3\u03b7 \u03bf\u03cd\u03c4\u03b5 \u03b7 EACEA \u03bc\u03c0\u03bf\u03c1\u03bf\u03cd\u03bd \u03bd\u03b1 \u03b8\u03b5\u03c9\u03c1\u03b7\u03b8\u03bf\u03cd\u03bd \u03c5\u03c0\u03b5\u03cd\u03b8\u03c5\u03bd\u03b5\u03c2 \u03b3\u03b9&#8217; \u03b1\u03c5\u03c4\u03ad\u03c2.<\/td><\/tr><tr><td>ES<\/td><td>Financiado por la Uni\u00f3n Europea (\u03c3\u03c4\u03b1 \u0391\u03b3\u03b3\u03bb\u03b9\u03ba\u03ac). \u0397 \u03b3\u03bd\u03ce\u03bc\u03b7 \u03b1\u03c5\u03c4\u03ae \u03b4\u03b5\u03bd \u03b5\u03af\u03bd\u03b1\u03b9 \u03b1\u03bd\u03b1\u03b3\u03ba\u03b1\u03af\u03b1 \u03b3\u03b9\u03b1 \u03c4\u03b7\u03bd \u03b5\u03c0\u03af\u03c4\u03b5\u03c5\u03be\u03b7 \u03c4\u03bf\u03c5 \u03c3\u03c4\u03cc\u03c7\u03bf\u03c5 \u03b1\u03c5\u03c4\u03bf\u03cd. Ni la Uni\u00f3n Europea ni la EACEA pueden ser parentados responsables de ellos. (\u03c3\u03c4\u03b1 \u0391\u03b3\u03b3\u03bb\u03b9\u03ba\u03ac).<\/td><\/tr><tr><td>ET<\/td><td>\u03a1\u03b1\u03c7\u03b1\u03c3\u03c4\u03b1\u03c4\u03bf\u03cd\u03bd\u03c4 Euroopa \u039b\u03b9\u03bd\u03c4\u03bf\u03cd \u03bc\u03c0\u03b9\u03bb\u03b9\u03ac\u03c1\u03b4\u03bf. Avaldatud seisukohad ja arvamused on ainult autori(te) omad ega pruugi kajastada Euroopa Liidu v\u00f5i Euroopa Hariduse ja Kultuuri Rakendusameti (EACEA) seisukohti ja arvamusi. Euroopa Liit ega EACEA nende est ei brestuta (\u03c3\u03c4\u03b1 \u0391\u03b3\u03b3\u03bb\u03b9\u03ba\u03ac).<\/td><\/tr><tr><td>FI<\/td><td>\u03a3\u03c5\u03bd\u03b4\u03b9\u03ba\u03ac\u03c4\u03bf Euroopan \u03c3\u03c4\u03bf Rahoittama. Esitetyt n\u00e4kemykset ja mielipiteet ovent ainoastaan t\u00e4m\u00e4n tekstin laatijoiden n\u00e4kemyksi\u00e4 eiv\u00e4tk\u00e4 v\u00e4ltt\u00e4 bastaa Euroopan uniationin tai Euroopan koulutuksen ja kulttuurin toimeenpanovirasto (EACEA) kantaa. Euroopan Unioni ja EACEA eiv\u00e4t ole brestuussa niist\u00e4. (\u03c3\u03c4\u03b1 \u0391\u03b3\u03b3\u03bb\u03b9\u03ba\u03ac).<\/td><\/tr><tr><td>FR<\/td><td>Financ\u00e9 par l\u2019Union europ\u00e9enne. \u0397\u03bc\u03b5\u03c1\u03bf\u03bc\u03b7\u03bd\u03af\u03b1 \u03b3\u03ad\u03bd\u03bd\u03b7\u03c3\u03b7\u03c2: Les points de vue et avis exprim\u00e9s n\u2019engagent toutefois que leur(s) auteur(s) et ne refl\u00e8tent pas n\u00e9cessairement ceux de l\u2019Union europ\u00e9enne ou de l\u2019Agence ex\u00e9cutive europ\u00e9enne pour l\u2019\u00e9ducation et la culture (EACEA). Ni l\u2019Union europ\u00e9enne ni l\u2019EACEA ne sauraient en \u00eatre tenues pour responsables. \u039b\u03cc\u03b3\u03bf\u03b9 \u03ba\u03b1\u03c4\u03b1\u03c7\u03ce\u03c1\u03b9\u03c3\u03b7\u03c2<\/td><\/tr><tr><td>GA<\/td><td>Arna mhaoini\u00fa ag an Aontas Eorpach (\u03c3\u03c4\u03b1 \u0391\u03b3\u03b3\u03bb\u03b9\u03ba\u03ac). \u0395\u03af\u03bd\u03b1\u03b9 leis an \u00fadar\/na h\u00fadair amh\u00e1in na tuairim\u00ed agus na learctha\u00ed a l\u00e9ir\u00edtear agus n\u00ed g\u00e1 ur l\u00e9iri\u00fa iad ar thuairim\u00ed agus learctha\u00ed an Aontais Eorpaigh n\u00f3 na Gn\u00edomhaireachta Feidhmi\u00fach\u00e1in Eorpa\u00ed um Oideachas agus Cult\u00far (EACEA). N\u00ed f\u00e9idir freagracht a chur ar an Aontas Eorpach n\u00e1 ar a EACEA astu. (\u03c3\u03c4\u03b1 \u0391\u03b3\u03b3\u03bb\u03b9\u03ba\u03ac).<\/td><\/tr><tr><td>HR<\/td><td>Financirano sredstvima (\u03c3\u03c4\u03b1 \u0391\u03b3\u03b3\u03bb\u03b9\u03ba\u03ac) Europske unije (\u03c3\u03c4\u03b1 \u0391\u03b3\u03b3\u03bb\u03b9\u03ba\u03ac). Izneseni stavovi i mi\u0161ljenja su stavovi i mi\u0161ljenja autora i ne moraju se podudarati sa stavovima i mi\u0161ljenjima si mi\u0161ljenjima . . . . . . . . Europske unije ili Europske izvr\u0161ne agencije za obrazovanje i kulturu (EACEA). Ni Europska unija ni EACEA ne mogu se smatrati odgovornima za njih. \u039b\u03cc\u03b3\u03bf\u03b9 \u03ba\u03b1\u03c4\u03b1\u03c7\u03ce\u03c1\u03b9\u03c3\u03b7\u03c2 \u03c3\u03c4\u03bf\u03bd \u03ba\u03b1\u03c4\u03ac\u03bb\u03bf\u03b3\u03bf:<\/td><\/tr><tr><td>HU<\/td><td>Az Eur\u00f3pai Uni\u00f3 finansz\u00edroz\u00e1s\u00e1val (\u03c3\u03c4\u03b1 \u0391\u03b3\u03b3\u03bb\u03b9\u03ba\u03ac). Az itt szerepl\u0151 v\u00e9lem\u00e9nyek \u00e9s \u00e1ll\u00edt\u00e1sok a szerz\u0151(k) \u00e1ll\u00e1spontj\u00e1t t\u00fckr\u00f6zik, \u00e9s nem feel\u00e9tlen\u00fcl egyeznek meg az Eur\u00f3pai Uni\u00f3 vagy az Eur\u00f3pai Oktat\u00e1si \u00e9s Kultur\u00e1lis V\u00e9grehajt\u00f3 \u00dcgyn\u00f6ks\u00e9g (EACEA) hivatalos \u00e1ll\u00e1spontj\u00e1val. Sem az Eur\u00f3pai Uni\u00f3, sem az EACEA nem vonhat\u00f3 felel\u0151ss\u00e9gre miattuk. \u0397\u03bc\u03b5\u03c1\u03bf\u03bc\u03b7\u03bd\u03af\u03b1 \u03b3\u03ad\u03bd\u03bd\u03b7\u03c3\u03b7\u03c2:<\/td><\/tr><tr><td>\u03a4\u0399<\/td><td>Finanziato dall&#8217;Unione europea (\u03c3\u03c4\u03b1 \u0391\u03b3\u03b3\u03bb\u03b9\u03ba\u03ac). \u0397 \u03b3\u03bd\u03ce\u03bc\u03b7 \u03b1\u03c5\u03c4\u03ae \u03b4\u03b5\u03bd \u03b5\u03af\u03bd\u03b1\u03b9 \u03b1\u03bd\u03b1\u03b3\u03ba\u03b1\u03af\u03b1 \u03b3\u03b9\u03b1 \u03c4\u03b7 \u03b4\u03b9\u03b1\u03c4\u03cd\u03c0\u03c9\u03c3\u03b7 \u03b3\u03bd\u03ce\u03bc\u03b7\u03c2. Unione europea o dell\u2019Agenzia esecutiva europea per l\u2019istruzione e la cultura (EACEA). N\u00e9 l&#8217;Unione europea n\u00e9 l&#8217;EACEA possono esserne ritenute responsabili. (\u03c3\u03c4\u03b1 \u0391\u03b3\u03b3\u03bb\u03b9\u03ba\u03ac).<\/td><\/tr><tr><td>LT<\/td><td>Finansuojama Europos S\u0105jungos l Ta\u010diau i\u0161rei\u0161kiamas po\u017ei\u016bris ar nuomon\u0117 yra tik autoriaus (-i Nei Europos S\u0105junga, nei EACEA negali b\u016bti laikoma u\u017e juos atsakinga. (\u03c3\u03c4\u03b1 \u0391\u03b3\u03b3\u03bb\u03b9\u03ba\u03ac).<\/td><\/tr><tr><td>LV<\/td><td>Eiropas Savien\u012bbas finans Paustie viedok Ne Eiropas Savien\u012bba, ne EACEA nenes atbild\u012bbu par paustajiem uzskatiem. \u0397\u03bc\u03b5\u03c1\u03bf\u03bc\u03b7\u03bd\u03af\u03b1 \u03b3\u03ad\u03bd\u03bd\u03b7\u03c3\u03b7\u03c2:<\/td><\/tr><tr><td>MT<\/td><td>Iffinanzjat Mill-Unjoni Ewropea (\u03c3\u03c4\u03b1 \u0391\u03b3\u03b3\u03bb\u03b9\u03ba\u03ac). Madankollu, il-fehmiet u l-opinjonijiet espressi huma dawk tal-awtur(i) biss u mhux ne La l-Unjoni Ewropea u lanqas l-EACEA ma jistg<\/td><\/tr><tr><td>NL<\/td><td>Gefinancierd \u03c0\u03cc\u03c1\u03c4\u03b1 \u03c4\u03b7\u03c2 \u0395\u03c5\u03c1\u03ce\u03c0\u03b7\u03c2 Unie. De hier geuite idee\u00ebn en meningen komen echter uitsluitend voor rekening van de auteur(s) en geven niet noodzakelijkerwijs die van de Europese Unie of het Europese Uitvoerende Agentschap onderwijs en cultuur (EACEA) weer. Noch de Europese Unie, noch het EACEA kan ervoor aansprakelijk worden gesteld. (\u03c3\u03c4\u03b1 \u0391\u03b3\u03b3\u03bb\u03b9\u03ba\u03ac).<\/td><\/tr><tr><td>PL<\/td><td>Sfinansowane ze \u015brodk\u00f3w UE (\u03c3\u03c4\u03b1 \u0391\u03b3\u03b3\u03bb\u03b9\u03ba\u03ac). Wyra Edukacji i Kultury (EACEA). Unia Europejska ani EACEA nie ponosz\u0105 za nie odpowiedzialno\u015bci. \u0394\u03b9\u03b5\u03cd\u03b8\u03c5\u03bd\u03c3\u03b7:<\/td><\/tr><tr><td>PT<\/td><td>Financiado pela Uni\u00e3o Europeia (\u03c3\u03c4\u03b1 \u0391\u03b3\u03b3\u03bb\u03b9\u03ba\u03ac). Os pontos de vista e as opini\u00f5es expressas s\u00e3o as do(s) autor(es) e n\u00e3o refletem needsariamente a posi\u00e7\u00e3o da Uni\u00e3o Europeia ou da Ag\u00eancia de Execu\u00e7\u00e3o Europeia da Educa\u00e7\u00e3o e da Cultura (EACEA). Nem a Uni\u00e3o Europeia nem a EACEA podem ser tidos como respons\u00e1veis por essas opini\u00f5es. (\u03c3\u03c4\u03b1 \u0391\u03b3\u03b3\u03bb\u03b9\u03ba\u03ac).<\/td><\/tr><tr><td>RO<\/td><td>Finan\u021bat de Uniunea European\u0103. (\u03c3\u03c4\u03b1 \u0391\u03b3\u03b3\u03bb\u03b9\u03ba\u03ac). Punctele de vedere \u0219i opiniile exprime apar\u021bin, \u00eens\u0103, exclusiv autorului (autorilor) \u0219i nu reflect\u0103 neap\u0103rat punctele de vedere \u0219i opiniile Uniunii Europene sau ale Agen\u021biei Executive Europene pentru Educa\u021bie \u0219i Cultur\u0103 (EACEA). Nici Uniunea European\u0103 \u0219i nici EACEA nu pot fi parentate r\u0103spunz\u0103toare pentru acestea. (\u03c3\u03c4\u03b1 \u0391\u03b3\u03b3\u03bb\u03b9\u03ba\u03ac).<\/td><\/tr><tr><td>SK<\/td><td>\u03a6\u03b9\u03bd\u03b1\u03bd\u03ba\u03bf\u03b2\u03b1\u03bd\u03ad \u0395\u03c5\u03c1\u03cc\u03c0\u03c3\u03ba\u03bf\u03c5 \u00faniou. Vyjadren\u00e9 n\u00e1zory a postoje s\u00fa n\u00e1zormi a vyhl\u00e1seniami autora(-ov) a nemusia nevyhnutne odr\u00e1\u017ea Eur\u00f3pskej \u00fanie alebo Eur\u00f3pskej v\u00fdkonnej agent\u00fary pre vzdel\u00e1vanie a kult\u00faru (EACEA). Eur\u00f3pska \u00fania ani EACEA za nepreberaj\u00fa \u017eiadnu zodpovednos<\/td><\/tr><tr><td>SL<\/td><td>Financirano s strani Evropske unije (\u03c3\u03c4\u03b1 \u0391\u03b3\u03b3\u03bb\u03b9\u03ba\u03ac). Izra\u017eena stali\u0161\u010da in mnenja so zgolj stali\u0161\u010da in mnenja avtorja(-ev) in ni nujno, da odra\u017eajo stali\u0161\u010da in mnenja Evropske unije ali Evropske izvajalske agencije za izobra\u017eevanje in kulturo (EACEA). (\u03c3\u03c4\u03b1 \u0391\u03b3\u03b3\u03bb\u03b9\u03ba\u03ac). Zanje ne moreta biti odgovorna niti Evropska unija niti EACEA. (\u03c3\u03c4\u03b1 \u0391\u03b3\u03b3\u03bb\u03b9\u03ba\u03ac).<\/td><\/tr><tr><td>SV<\/td><td>Finansieras av Europeiska \u03ad\u03bd\u03c9\u03c3\u03b7. De synpunkter och \u00e5sikter som uttrycks \u00e4r endast upphovsmannens [upphovsm\u00e4nnens] och utg\u00f6r inte Europeiska Unionens eller Europeiska genomf\u00f6randeorganet f\u00f6r utbildning och kulturs (EACEA) officiella st\u00e5ndpunkt. (\u03c3\u03c4\u03b1 \u03b1\u03b3\u03b3\u03bb\u03b9\u03ba\u03ac). Varken Europeiska Unionen eller EACEA tar n\u00e5got ansvar f\u00f6r dessa. (\u03c3\u03c4\u03b1 \u0391\u03b3\u03b3\u03bb\u03b9\u03ba\u03ac).<\/td><\/tr><\/tbody><\/table><\/figure>\n","protected":false},"excerpt":{"rendered":"<p>\u0391\u03c0\u03bf\u03c0\u03bf\u03af\u03b7\u03c3\u03b7 \u03b5\u03c5\u03b8\u03cd\u03bd\u03b7\u03c2 \u03c0\u03c1\u03bf\u03c2 \u03c7\u03c1\u03ae\u03c3\u03b7 \u03c3\u03b5 \u03cc\u03bb\u03b1 \u03c4\u03b1 \u03c0\u03b1\u03c1\u03b1\u03b3\u03cc\u03bc\u03b5\u03bd\u03b1 \u03c5\u03bb\u03b9\u03ba\u03ac \u0395\u03ac\u03bd \u03ad\u03c7\u03b5\u03c4\u03b5 \u03bb\u03ac\u03b2\u03b5\u03b9 \u03c7\u03c1\u03b7\u03bc\u03b1\u03c4\u03bf\u03b4\u03cc\u03c4\u03b7\u03c3\u03b7 \u03b1\u03c0\u03cc \u03c4\u03bf EACEA, \u03c4\u03cc\u03c4\u03b5 \u03bf\u03c0\u03bf\u03b9\u03b1\u03b4\u03ae\u03c0\u03bf\u03c4\u03b5 \u03b4\u03c1\u03b1\u03c3\u03c4\u03b7\u03c1\u03b9\u03cc\u03c4\u03b7\u03c4\u03b1 \u03b5\u03c0\u03b9\u03ba\u03bf\u03b9\u03bd\u03c9\u03bd\u03af\u03b1\u03c2 \u03ae \u03b4\u03b9\u03ac\u03b4\u03bf\u03c3\u03b7\u03c2 \u03c0\u03bf\u03c5 \u03b1\u03bd\u03b1\u03bb\u03b1\u03bc\u03b2\u03ac\u03bd\u03b5\u03c4\u03b5 \u03c3\u03c7\u03b5\u03c4\u03b9\u03ba\u03ac \u03bc\u03b5 \u03c4\u03bf \u03ad\u03c1\u03b3\u03bf \u03b3\u03b9\u03b1 \u03c4\u03bf \u03bf\u03c0\u03bf\u03af\u03bf \u03bb\u03ac\u03b2\u03b1\u03c4\u03b5 \u03c7\u03c1\u03b7\u03bc\u03b1\u03c4\u03bf\u03b4\u03cc\u03c4\u03b7\u03c3\u03b7 \u03c0\u03c1\u03ad\u03c0\u03b5\u03b9 \u03bd\u03b1 \u03c0\u03b5\u03c1\u03b9\u03ad\u03c7\u03b5\u03b9 \u03c4\u03b7\u03bd \u03b1\u03ba\u03cc\u03bb\u03bf\u03c5\u03b8\u03b7 \u03b1\u03c0\u03bf\u03c0\u03bf\u03af\u03b7\u03c3\u03b7 \u03b5\u03c5\u03b8\u03cd\u03bd\u03b7\u03c2 \u03c3\u03c4\u03b7\u03bd \u03ba\u03b1\u03c4\u03ac\u03bb\u03bb\u03b7\u03bb\u03b7 \u03b3\u03bb\u03ce\u03c3\u03c3\u03b1. (\u0392\u03bb\u03ad\u03c0\u03b5 \u03ac\u03c1\u03b8\u03c1\u03bf 17 \u03c4\u03b7\u03c2 \u03c3\u03c5\u03bc\u03c6\u03c9\u03bd\u03af\u03b1\u03c2 \u03b5\u03c0\u03b9\u03c7\u03bf\u03c1\u03ae\u03b3\u03b7\u03c3\u03b7\u03c2 \u03b3\u03b9\u03b1 \u03c0\u03bb\u03ae\u03c1\u03b7 \u03c3\u03c4\u03bf\u03b9\u03c7\u03b5\u03af\u03b1.) \u0393\u03bb\u03ce\u03c3\u03c3\u03b1 \u0391\u03c0\u03bf\u03c0\u03bf\u03af\u03b7\u03c3\u03b7 \u03b5\u03c5\u03b8\u03cd\u03bd\u03b7\u03c2 [&hellip;]<\/p>\n","protected":false},"author":1,"featured_media":190,"parent":0,"menu_order":0,"comment_status":"closed","ping_status":"closed","template":"","meta":{"footnotes":""},"class_list":["post-192","page","type-page","status-publish","has-post-thumbnail","hentry"],"_links":{"self":[{"href":"https:\/\/faircarecoop.com\/el\/wp-json\/wp\/v2\/pages\/192","targetHints":{"allow":["GET"]}}],"collection":[{"href":"https:\/\/faircarecoop.com\/el\/wp-json\/wp\/v2\/pages"}],"about":[{"href":"https:\/\/faircarecoop.com\/el\/wp-json\/wp\/v2\/types\/page"}],"author":[{"embeddable":true,"href":"https:\/\/faircarecoop.com\/el\/wp-json\/wp\/v2\/users\/1"}],"replies":[{"embeddable":true,"href":"https:\/\/faircarecoop.com\/el\/wp-json\/wp\/v2\/comments?post=192"}],"version-history":[{"count":14,"href":"https:\/\/faircarecoop.com\/el\/wp-json\/wp\/v2\/pages\/192\/revisions"}],"predecessor-version":[{"id":654,"href":"https:\/\/faircarecoop.com\/el\/wp-json\/wp\/v2\/pages\/192\/revisions\/654"}],"wp:featuredmedia":[{"embeddable":true,"href":"https:\/\/faircarecoop.com\/el\/wp-json\/wp\/v2\/media\/190"}],"wp:attachment":[{"href":"https:\/\/faircarecoop.com\/el\/wp-json\/wp\/v2\/media?parent=192"}],"curies":[{"name":"wp","href":"https:\/\/api.w.org\/{rel}","templated":true}]}}