{"id":224,"date":"2025-11-17T18:11:44","date_gmt":"2025-11-17T18:11:44","guid":{"rendered":"https:\/\/faircarecoop.com\/?page_id=224"},"modified":"2026-02-14T10:43:38","modified_gmt":"2026-02-14T10:43:38","slug":"Sobre-nosotros","status":"publish","type":"page","link":"https:\/\/faircarecoop.com\/es\/Sobre-nosotros\/","title":{"rendered":"Sobre nosotros"},"content":{"rendered":"\n<p><strong>T\u00edtulo del proyecto:<\/strong>&nbsp;<br>Fair Care<br>Aprendizaje y capacitaci\u00f3n para la inclusi\u00f3n y la libre determinaci\u00f3n en la atenci\u00f3n a largo plazo<\/p>\n\n\n\n<p><strong>Duraci\u00f3n del proyecto:<\/strong>&nbsp;<br>01.10.2024.- 31.05.2027.<\/p>\n\n\n\n<p><strong>Organizaciones asociadas<\/strong>operan en m\u00faltiples formas y \u00e1reas de experiencia, representando colectivamente todo el espectro del grupo objetivo del proyecto.<\/p>\n\n\n\n<p><strong>Verein zur sozialen und beruflichen Integration e.V. \u2013 GERMANY<\/strong>&nbsp;<br>La organizaci\u00f3n solicitante y el coordinador del proyecto est\u00e1n activos en varios estados federales de toda Alemania, con su sede en Merseburg. VSBI es una asociaci\u00f3n que ofrece servicios sociales y formaci\u00f3n de adultos para personas con discapacidad y adultos mayores. Su objetivo es pilotar nuevos conceptos de servicio que garanticen la inclusi\u00f3n social de personas con discapacidad y adultos mayores. La organizaci\u00f3n presta asesoramiento sobre la vida independiente, administra ayudas en presupuestos personales, administra centros de asistencia personal, ofrece servicios de atenci\u00f3n y apoyo y organiza cursos de capacitaci\u00f3n.<br>Enlace:<a href=\"https:\/\/vsbi.eu\/\" target=\"_blank\" rel=\"noreferrer noopener\">VSBI e.V. <\/a>&nbsp;<br>&nbsp;<br><strong>Cooperativa Sociale Cooss Marche Onlus Societa Cooperativa Per Azioni \u2013 ITALY<\/strong>&nbsp;<br>Nuestro socio italiano est\u00e1 con sede en Ancona. Funciona como asociaci\u00f3n, proporcionando servicios de atenci\u00f3n y educaci\u00f3n para adultos mayores y personas con discapacidad para apoyar la vida independiente. El objetivo principal de COOSS es apoyar la integraci\u00f3n social y laboral de personas con diversas necesidades a trav\u00e9s de servicios educativos, sociales y de asistencia. La organizaci\u00f3n participa en proyectos de la UE para desarrollar soluciones innovadoras, organiza formaci\u00f3n para profesionales sociales y es un centro de empleo acreditado.<br>Enlace:<a href=\"https:\/\/www.cooss.it\/en\/\" target=\"_blank\" rel=\"noreferrer noopener\">COOSS<\/a>&nbsp;<\/p>\n\n\n\n<p>&nbsp;<br><strong>Ske Pelendriou \u2013 CYPRUS<\/strong>&nbsp;<br>El socio chipriota, con sede en Pelendri y Limassol, tambi\u00e9n act\u00faa como asociaci\u00f3n y desarrolla programas sociales para apoyar a los grupos vulnerables. Su objetivo es proporcionar los servicios sociales necesarios en la regi\u00f3n de Pitsilia. Operan un centro de atenci\u00f3n diurna, un hogar de atenci\u00f3n para ancianos y servicios en casa para adultos mayores y personas con discapacidad. En el marco de la protecci\u00f3n de los ni\u00f1os, dirigen un vivero y organizan campamentos de verano. Tambi\u00e9n apoyan la integraci\u00f3n de los j\u00f3venes inmigrantes.<br>Enlace:<a href=\"https:\/\/www.facebook.com\/profile.php?id=100064561967076&#038;locale=km_KH\" target=\"_blank\" rel=\"noreferrer noopener\">Facebook Ske Pelendriou<\/a>&nbsp;<\/p>\n\n\n\n<p>\u00a0<br><strong>People First Asociaci\u00f3n de Utilidad P\u00fablica\u2013 HUNGARY<\/strong>\u00a0<br>El socio h\u00fangaro, situado en P\u00e9cs, apoya la vida independiente y la autorepresentaci\u00f3n de las personas con discapacidad. La asociaci\u00f3n es miembro de una red internacional. Su singularidad es que cuenta con miembros con todo tipo de discapacidad, lo que crea oportunidades de aprendizaje mutuo. Su objetivo es implementar soluciones innovadoras, abogar por los derechos humanos, representar los intereses de las personas con discapacidad, y mantener un firme compromiso con el principio de \u201cnada sobre nosotros sin nosotros\u201d. En Hungr\u00eda tambi\u00e9n ejecuta proyectos \u00fanicos que apoyan el turismo accesible.<br>Enlace:<a href=\"https:\/\/peoplefirst.hu\/en\/\" target=\"_blank\" rel=\"noreferrer noopener\">People First-HU<\/a>\u00a0<\/p>\n\n\n\n<p>&nbsp;<br><strong>Social Enterprise International Tuatha Ltd \u2013 IRELAND<\/strong>&nbsp;<br>El socio irland\u00e9s, ubicado en Cork, funciona como una empresa social. Sus actividades b\u00e1sicas son la educaci\u00f3n, la empresa social y, en particular, el uso de empresas sociales para ayudar a las comunidades a desarrollar sus propias econom\u00edas y ser sostenibles. Trabajan con comunidades en numerosos pa\u00edses de Europa, Asia y \u00c1frica. SEI Tuatha es un pionero de un nuevo modelo de empresa social que se centra en la distribuci\u00f3n justa de la riqueza.<br>Enlace:<a href=\"https:\/\/www.sei-tuatha.com\/\" target=\"_blank\" rel=\"noreferrer noopener\">SEI Tuatha<\/a>&nbsp;<\/p>\n\n\n\n<p>&nbsp;<br><strong>3IN Social, SCCL \u2013 ESPA\u00d1A<\/strong>&nbsp;<br>La organizaci\u00f3n asociada espa\u00f1ola, con sede en Barcelona, act\u00faa como empresa sin fines de lucro. Una cooperativa de trabajadores sociales que implementa servicios y proyectos de innovaci\u00f3n social y ambiental, con especial atenci\u00f3n a la interculturalidad. Trabajan con j\u00f3venes en el campo de la integraci\u00f3n del mercado laboral. Su objetivo es profundizar aspectos de la interculturalidad, la inclusi\u00f3n y el trabajo intergeneracional, y implementar metodolog\u00edas innovadoras.<br>Enlace:<a href=\"https:\/\/www.3insocial.org\/en\/\" target=\"_blank\" rel=\"noreferrer noopener\">3IN Social<\/a>&nbsp;<\/p>\n","protected":false},"excerpt":{"rendered":"<p>T\u00edtulo del proyecto:&nbsp;Fair CareAprendizaje y capacitaci\u00f3n para la inclusi\u00f3n y la libre determinaci\u00f3n en la atenci\u00f3n a largo plazo Duraci\u00f3n del proyecto:&nbsp;01.10.2024.- 31.05.2027. Organizaciones asociadasoperan en m\u00faltiples formas y \u00e1reas de experiencia, representando colectivamente todo el espectro del grupo objetivo del proyecto. Verein zur sozialen und beruflichen Integration e.V. \u2013 GERMANY&nbsp;La organizaci\u00f3n solicitante y el [&hellip;]<\/p>\n","protected":false},"author":1,"featured_media":190,"parent":0,"menu_order":0,"comment_status":"closed","ping_status":"closed","template":"","meta":{"footnotes":""},"class_list":["post-224","page","type-page","status-publish","has-post-thumbnail","hentry"],"_links":{"self":[{"href":"https:\/\/faircarecoop.com\/es\/wp-json\/wp\/v2\/pages\/224","targetHints":{"allow":["GET"]}}],"collection":[{"href":"https:\/\/faircarecoop.com\/es\/wp-json\/wp\/v2\/pages"}],"about":[{"href":"https:\/\/faircarecoop.com\/es\/wp-json\/wp\/v2\/types\/page"}],"author":[{"embeddable":true,"href":"https:\/\/faircarecoop.com\/es\/wp-json\/wp\/v2\/users\/1"}],"replies":[{"embeddable":true,"href":"https:\/\/faircarecoop.com\/es\/wp-json\/wp\/v2\/comments?post=224"}],"version-history":[{"count":46,"href":"https:\/\/faircarecoop.com\/es\/wp-json\/wp\/v2\/pages\/224\/revisions"}],"predecessor-version":[{"id":808,"href":"https:\/\/faircarecoop.com\/es\/wp-json\/wp\/v2\/pages\/224\/revisions\/808"}],"wp:featuredmedia":[{"embeddable":true,"href":"https:\/\/faircarecoop.com\/es\/wp-json\/wp\/v2\/media\/190"}],"wp:attachment":[{"href":"https:\/\/faircarecoop.com\/es\/wp-json\/wp\/v2\/media?parent=224"}],"curies":[{"name":"wp","href":"https:\/\/api.w.org\/{rel}","templated":true}]}}