{"id":224,"date":"2025-11-17T18:11:44","date_gmt":"2025-11-17T18:11:44","guid":{"rendered":"https:\/\/faircarecoop.com\/?page_id=224"},"modified":"2026-02-14T10:43:38","modified_gmt":"2026-02-14T10:43:38","slug":"R\u00f3lunk","status":"publish","type":"page","link":"https:\/\/faircarecoop.com\/hu\/R\u00f3lunk\/","title":{"rendered":"R\u00f3lunk"},"content":{"rendered":"\n<p><strong>Projekt neve:<\/strong>&nbsp;<br>FairCare<br>Tanul\u00e1s \u00e9s k\u00e9pz\u00e9s az inkl\u00fazi\u00f3\u00e9rt \u00e9s az \u00f6nrendelkez\u00e9s\u00e9rt a tart\u00f3s gondoz\u00e1sban<\/p>\n\n\n\n<p><strong>Projekt id\u0151tartama:<\/strong>&nbsp;<br>2024. 10 01. \u2013 2027. 05.31.<\/p>\n\n\n\n<p>A <strong>partner szervezetek<\/strong> k\u00fcl\u00f6nb\u00f6z\u0151 ter\u00fcleteken tev\u00e9kenykednek, \u00e9s egy\u00fcttesen k\u00e9pviselik a projekt valamennyi c\u00e9lcsoportj\u00e1t.<\/p>\n\n\n\n<p><strong>Verein zur sozialen und beruflichen Integration e.V. \u2013 N\u00c9METORSZ\u00c1G<\/strong><br>A VSBI a projekt koordin\u00e1tora, t\u00f6bb n\u00e9metorsz\u00e1gi tartom\u00e1nyban akt\u00edv, k\u00f6zpontja Merseburgban tal\u00e1lhat\u00f3. Szoci\u00e1lis szolg\u00e1ltat\u00e1sokat \u00e9s feln\u0151ttk\u00e9pz\u00e9st biztos\u00edt fogyat\u00e9koss\u00e1ggal \u00e9l\u0151 szem\u00e9lyek \u00e9s id\u0151sek sz\u00e1m\u00e1ra. C\u00e9lja \u00faj szolg\u00e1ltat\u00e1si modellek kipr\u00f3b\u00e1l\u00e1sa, amelyek biztos\u00edtj\u00e1k a fogyat\u00e9koss\u00e1ggal \u00e9l\u0151k \u00e9s id\u0151sek t\u00e1rsadalmi inkl\u00fazi\u00f3j\u00e1t. A szervezet tan\u00e1csad\u00e1st ny\u00fajt az \u00f6n\u00e1ll\u00f3 \u00e9letvitelhez, t\u00e1mogat\u00f3 \u00fcgyf\u00e9lszolg\u00e1latot m\u0171k\u00f6dtet a szem\u00e9lyi k\u00f6lts\u00e9gvet\u00e9sekr\u0151l, gondoz\u00e1si k\u00f6zpontokat kezel, ell\u00e1t\u00e1si \u00e9s t\u00e1mogat\u00f3 szolg\u00e1ltat\u00e1sokat biztos\u00edt, valamint k\u00e9pz\u00e9seket szervez.<br>Link: <a href=\"https:\/\/vsbi.eu\/\" target=\"_blank\" rel=\"noreferrer noopener\">VSBI<\/a>\u00a0<br>\u00a0<br><strong>Cooperativa Sociale Cooss Marche Onlus Societ\u00e0 Cooperativa Per Azioni \u2013 OLASZORSZ\u00c1G<\/strong><br>Az olasz partner sz\u00e9khelye Ancon\u00e1ban tal\u00e1lhat\u00f3. Egyes\u00fcletk\u00e9nt m\u0171k\u00f6dik, \u00e9s seg\u00edts\u00e9get, valamint oktat\u00e1si szolg\u00e1ltat\u00e1sokat ny\u00fajt id\u0151seknek \u00e9s fogyat\u00e9koss\u00e1ggal \u00e9l\u0151 szem\u00e9lyeknek az \u00f6n\u00e1ll\u00f3 \u00e9letvitel el\u0151seg\u00edt\u00e9se \u00e9rdek\u00e9ben. A COOSS f\u0151 c\u00e9lja, hogy k\u00fcl\u00f6nb\u00f6z\u0151 sz\u00fcks\u00e9gletekkel \u00e9l\u0151 szem\u00e9lyek t\u00e1rsadalmi \u00e9s szakmai integr\u00e1ci\u00f3j\u00e1t t\u00e1mogassa oktat\u00e1si, szoci\u00e1lis \u00e9s j\u00f3l\u00e9ti szolg\u00e1ltat\u00e1sok r\u00e9v\u00e9n. A szervezet r\u00e9szt vesz EU-projektekben innovat\u00edv megold\u00e1sok fejleszt\u00e9s\u00e9re, k\u00e9pz\u00e9seket szervez szoci\u00e1lis szakemberek sz\u00e1m\u00e1ra, \u00e9s akkredit\u00e1lt foglalkoztat\u00e1si k\u00f6zpontk\u00e9nt is m\u0171k\u00f6dik.<br>Link: <a href=\"https:\/\/www.cooss.it\/en\/\" target=\"_blank\" rel=\"noreferrer noopener\">COOS<\/a>\u00a0<\/p>\n\n\n\n<p>&nbsp;<br><strong>Ske Pelendriou \u2013 CIPRUS<\/strong><br>A ciprusi partner sz\u00e9khelyei Pelendri \u00e9s Limassol v\u00e1ros\u00e1ban tal\u00e1lhat\u00f3ak. Egyes\u00fcletk\u00e9nt m\u0171k\u00f6dik, \u00e9s szoci\u00e1lis programokat k\u00edn\u00e1l a s\u00e9r\u00fcl\u00e9keny csoportok t\u00e1mogat\u00e1s\u00e1ra. C\u00e9lja, hogy a Pitsilia r\u00e9gi\u00f3ban biztos\u00edtsa a sz\u00fcks\u00e9ges szoci\u00e1lis szolg\u00e1ltat\u00e1sokat. A szervezet nappali k\u00f6zpontot, id\u0151sek otthon\u00e1t, valamint otthoni gondoz\u00e1si szolg\u00e1ltat\u00e1sokat m\u0171k\u00f6dtet id\u0151sek \u00e9s fogyat\u00e9koss\u00e1ggal \u00e9l\u0151k sz\u00e1m\u00e1ra. A gyermekv\u00e9delmi ter\u00fcleten b\u00f6lcs\u0151d\u00e9t \u00fczemeltet \u00e9s ny\u00e1ri t\u00e1borokat szervez. Emellett t\u00e1mogatja a fiatal bev\u00e1ndorl\u00f3k t\u00e1rsadalmi integr\u00e1ci\u00f3j\u00e1t.<br>Link: <a href=\"https:\/\/www.facebook.com\/profile.php?id=100064561967076&#038;locale=km_KH\" target=\"_blank\" rel=\"noreferrer noopener\">Facebook Ske Pelendriou<\/a>&nbsp;<\/p>\n\n\n\n<p>&nbsp;<br><strong>People First K\u00f6zhaszn\u00fa Egyes\u00fclet \u2013 MAGYARORSZ\u00c1G<\/strong><br>A magyar partner sz\u00e9khelye P\u00e9csen tal\u00e1lhat\u00f3. T\u00e1mogatja a fogyat\u00e9koss\u00e1ggal \u00e9l\u0151 szem\u00e9lyek \u00f6n\u00e1ll\u00f3 \u00e9letvitel\u00e9t \u00e9s \u00f6n\u00e9rv\u00e9nyes\u00edt\u00e9s\u00e9t. Az egyes\u00fclet a nemzetk\u00f6zi People First h\u00e1l\u00f3zat tagja, jelenleg egyetlen magyarorsz\u00e1gi szervezetk\u00e9nt. Egyedis\u00e9ge abban rejlik, hogy minden t\u00edpus\u00fa fogyat\u00e9koss\u00e1ggal \u00e9l\u0151 tagot bevon, mely biztos\u00edtja a k\u00f6lcs\u00f6n\u00f6s tanul\u00e1s \u00e9s komplex gondolkod\u00e1s lehet\u0151s\u00e9g\u00e9t. C\u00e9lja innovat\u00edv megold\u00e1sok bevezet\u00e9se, az emberi jogok t\u00e1mogat\u00e1sa, a fogyat\u00e9koss\u00e1ggal \u00e9l\u0151k \u00e9rdekeinek k\u00e9pviselete, valamint a \u201eSemmit r\u00f3lunk n\u00e9lk\u00fcl\u00fcnk\u201d elv val\u00f3 er\u0151s elk\u00f6telezetts\u00e9g. Magyarorsz\u00e1gon a People First speci\u00e1lis projekteket is m\u0171k\u00f6dtet az akad\u00e1lymentes turizmus fejleszt\u00e9s\u00e9re.<br>Link: <a href=\"https:\/\/peoplefirst.hu\/\">People First-HU<\/a><\/p>\n\n\n\n<p>\u00a0<br><strong>Social Enterprise International Tuatha Ltd \u2013 IRELAND<\/strong>\u00a0<br>Az \u00edr partner, amely Corkban tal\u00e1lhat\u00f3, szoci\u00e1lis v\u00e1llalkoz\u00e1sk\u00e9nt m\u0171k\u00f6dik. F\u0151 tev\u00e9kenys\u00e9gei az oktat\u00e1s, a szoci\u00e1lis v\u00e1llalkoz\u00e1s, \u00e9s k\u00fcl\u00f6n\u00f6sen a szoci\u00e1lis v\u00e1llalkoz\u00e1sok haszn\u00e1lata, hogy seg\u00edtse a k\u00f6z\u00f6ss\u00e9geket saj\u00e1t gazdas\u00e1guk fejleszt\u00e9s\u00e9ben \u00e9s fenntarthat\u00f3v\u00e1 v\u00e1ljon. Sz\u00e1mos orsz\u00e1gban, Eur\u00f3p\u00e1ban, \u00c1zsi\u00e1ban \u00e9s Afrik\u00e1ban dolgoznak k\u00f6z\u00f6ss\u00e9gekkel. SEI Tuatha egy \u00fatt\u00f6r\u0151 egy \u00faj t\u00e1rsadalmi v\u00e1llalati modell, amely a vagyon tisztess\u00e9ges eloszt\u00e1s\u00e1ra \u00f6sszpontos\u00edt.<br>Link: <a href=\"https:\/\/www.sei-tuatha.com\/\" target=\"_blank\" rel=\"noreferrer noopener\">SEI Tuatha<\/a>\u00a0<\/p>\n\n\n\n<p>\u00a0<br><strong>3IN Social \u2013 SPANYOLORSZ\u00c1G<\/strong><br>A spanyol partner sz\u00e9khelye Barcelon\u00e1ban tal\u00e1lhat\u00f3, \u00e9s nonprofit szervezetk\u00e9nt m\u0171k\u00f6dik. Szoci\u00e1lis munk\u00e1sokat t\u00f6m\u00f6r\u00edt\u0151 sz\u00f6vetkezet, amely szoci\u00e1lis \u00e9s k\u00f6rnyezeti innov\u00e1ci\u00f3s szolg\u00e1ltat\u00e1sokat \u00e9s projekteket val\u00f3s\u00edt meg, k\u00fcl\u00f6n\u00f6s figyelmet ford\u00edtva az interkulturalizmusra. Fiatalokkal dolgoznak a munkaer\u0151piaci integr\u00e1ci\u00f3 ter\u00fclet\u00e9n. C\u00e9lja az interkulturalizmus, az inkl\u00fazi\u00f3 \u00e9s a gener\u00e1ci\u00f3k k\u00f6z\u00f6tti munka k\u00fcl\u00f6nb\u00f6z\u0151 aspektusainak felt\u00e9rk\u00e9pez\u00e9se, valamint innovat\u00edv m\u00f3dszertanok bevezet\u00e9se.<br>Link:<a href=\"https:\/\/www.3insocial.org\/en\/\" target=\"_blank\" rel=\"noreferrer noopener\">3IN Social<\/a>\u00a0<\/p>\n\n\n\n<p><\/p>\n","protected":false},"excerpt":{"rendered":"<p>Projekt neve:&nbsp;FairCareTanul\u00e1s \u00e9s k\u00e9pz\u00e9s az inkl\u00fazi\u00f3\u00e9rt \u00e9s az \u00f6nrendelkez\u00e9s\u00e9rt a tart\u00f3s gondoz\u00e1sban Projekt id\u0151tartama:&nbsp;2024. 10 01. \u2013 2027. 05.31. A partner szervezetek k\u00fcl\u00f6nb\u00f6z\u0151 ter\u00fcleteken tev\u00e9kenykednek, \u00e9s egy\u00fcttesen k\u00e9pviselik a projekt valamennyi c\u00e9lcsoportj\u00e1t. Verein zur sozialen und beruflichen Integration e.V. \u2013 N\u00c9METORSZ\u00c1GA VSBI a projekt koordin\u00e1tora, t\u00f6bb n\u00e9metorsz\u00e1gi tartom\u00e1nyban akt\u00edv, k\u00f6zpontja Merseburgban tal\u00e1lhat\u00f3. Szoci\u00e1lis szolg\u00e1ltat\u00e1sokat \u00e9s [&hellip;]<\/p>\n","protected":false},"author":1,"featured_media":190,"parent":0,"menu_order":0,"comment_status":"closed","ping_status":"closed","template":"","meta":{"footnotes":""},"class_list":["post-224","page","type-page","status-publish","has-post-thumbnail","hentry"],"_links":{"self":[{"href":"https:\/\/faircarecoop.com\/hu\/wp-json\/wp\/v2\/pages\/224","targetHints":{"allow":["GET"]}}],"collection":[{"href":"https:\/\/faircarecoop.com\/hu\/wp-json\/wp\/v2\/pages"}],"about":[{"href":"https:\/\/faircarecoop.com\/hu\/wp-json\/wp\/v2\/types\/page"}],"author":[{"embeddable":true,"href":"https:\/\/faircarecoop.com\/hu\/wp-json\/wp\/v2\/users\/1"}],"replies":[{"embeddable":true,"href":"https:\/\/faircarecoop.com\/hu\/wp-json\/wp\/v2\/comments?post=224"}],"version-history":[{"count":46,"href":"https:\/\/faircarecoop.com\/hu\/wp-json\/wp\/v2\/pages\/224\/revisions"}],"predecessor-version":[{"id":808,"href":"https:\/\/faircarecoop.com\/hu\/wp-json\/wp\/v2\/pages\/224\/revisions\/808"}],"wp:featuredmedia":[{"embeddable":true,"href":"https:\/\/faircarecoop.com\/hu\/wp-json\/wp\/v2\/media\/190"}],"wp:attachment":[{"href":"https:\/\/faircarecoop.com\/hu\/wp-json\/wp\/v2\/media?parent=224"}],"curies":[{"name":"wp","href":"https:\/\/api.w.org\/{rel}","templated":true}]}}