{"id":518,"date":"2025-11-23T18:52:50","date_gmt":"2025-11-23T18:52:50","guid":{"rendered":"https:\/\/faircarecoop.com\/?page_id=518"},"modified":"2026-02-20T11:43:09","modified_gmt":"2026-02-20T11:43:09","slug":"K\u00e9pz\u00e9s-anyagi-oldal","status":"publish","type":"page","link":"https:\/\/faircarecoop.com\/hu\/K\u00e9pz\u00e9s-anyagi-oldal\/","title":{"rendered":"Tr\u00e9ninganyag"},"content":{"rendered":"\n<div class=\"wp-block-group is-nowrap is-layout-flex wp-container-core-group-is-layout-6c531013 wp-block-group-is-layout-flex\">\n<p>A tr\u00e9ninganyag a kezdetekt\u0151l fogva a c\u00e9lcsoportok sz\u00fcks\u00e9gletei alapj\u00e1n ker\u00fclt kidolgoz\u00e1sra. Ezeket a sz\u00fcks\u00e9gleteket el\u0151sz\u00f6r k\u00e9rd\u0151\u00edvekkel m\u00e9rt\u00fck fel, majd az eredm\u00e9nyek elemz\u00e9s\u00e9t k\u00f6vet\u0151en kialak\u00edtottuk a tr\u00e9ninganyag szerkezet\u00e9t. A tr\u00e9ninganyagot a partnerorsz\u00e1gok Tan\u00e1csad\u00f3 Csapatai t\u00f6lt\u00f6tt\u00e9k meg tartalommal.<\/p>\n\n\n\n<figure class=\"wp-block-image size-large is-style-default\"><img loading=\"lazy\" decoding=\"async\" width=\"1024\" height=\"682\" src=\"https:\/\/faircarecoop.com\/wp-content\/uploads\/2025\/10\/Training-2-valtozat-1024x682.jpg\" alt=\"\" class=\"wp-image-204\" style=\"object-fit:cover\" srcset=\"https:\/\/faircarecoop.com\/wp-content\/uploads\/2025\/10\/Training-2-valtozat-1024x682.jpg 1024w, https:\/\/faircarecoop.com\/wp-content\/uploads\/2025\/10\/Training-2-valtozat-300x200.jpg 300w, https:\/\/faircarecoop.com\/wp-content\/uploads\/2025\/10\/Training-2-valtozat-768x512.jpg 768w, https:\/\/faircarecoop.com\/wp-content\/uploads\/2025\/10\/Training-2-valtozat.jpg 1280w\" sizes=\"auto, (max-width: 1024px) 100vw, 1024px\" \/><\/figure>\n<\/div>\n\n\n\n<div class=\"wp-block-group\"><div class=\"wp-block-group__inner-container is-layout-constrained wp-block-group-is-layout-constrained\">\n<p>Ez azt jelenti, hogy mindazt, ami a tr\u00e9ninganyagban olvashat\u00f3, a h\u00e1rom c\u00e9lcsoport tagjai javasolt\u00e1k, \u00edrt\u00e1k, fel\u00fclvizsg\u00e1lt\u00e1k \u00e9s \u00e1ll\u00edtott\u00e1k \u00f6ssze. A tr\u00e9ninganyag teh\u00e1t val\u00f3ban azt tartalmazza, amire a tart\u00f3s gondoz\u00e1sban \u00e9l\u0151knek \u00e9s az \u0151ket t\u00e1mogat\u00f3 szem\u00e9lyeknek sz\u00fcks\u00e9g\u00fck van ahhoz, hogy a lehet\u0151 legink\u00e1bb \u00f6nrendelkez\u0151 \u00e9letet \u00e9lhessenek.<\/p>\n<\/div><\/div>\n\n\n\n<p>A tr\u00e9ninganyag <strong>5 modulb\u00f3l<\/strong> \u00e1ll:<\/p>\n\n\n\n<div class=\"wp-block-media-text is-stacked-on-mobile has-very-light-gray-to-cyan-bluish-gray-gradient-background has-background\" style=\"grid-template-columns:15% auto\"><figure class=\"wp-block-media-text__media\"><img loading=\"lazy\" decoding=\"async\" width=\"512\" height=\"512\" src=\"https:\/\/faircarecoop.com\/wp-content\/uploads\/2025\/09\/training-online-icon.png\" alt=\"\" class=\"wp-image-144 size-full\" srcset=\"https:\/\/faircarecoop.com\/wp-content\/uploads\/2025\/09\/training-online-icon.png 512w, https:\/\/faircarecoop.com\/wp-content\/uploads\/2025\/09\/training-online-icon-300x300.png 300w, https:\/\/faircarecoop.com\/wp-content\/uploads\/2025\/09\/training-online-icon-150x150.png 150w\" sizes=\"auto, (max-width: 512px) 100vw, 512px\" \/><\/figure><div class=\"wp-block-media-text__content\">\n<p style=\"font-style:normal;font-weight:700\"><strong>\u00d6nmeger\u0151s\u00edt\u00e9s \u00e9s \u00f6nrendelkez\u00e9s&nbsp;<\/strong><\/p>\n\n\n\n<p style=\"font-style:normal;font-weight:500\">\u00d6nismeret \u00e9s identit\u00e1s ell\u00e1t\u00e1sra szorul\u00f3 szem\u00e9lyk\u00e9nt.<\/p>\n\n\n\n<p>A sorst\u00e1rsi tan\u00e1csad\u00e1s m\u00f3dszerei, fogalmak.<\/p>\n\n\n\n<p style=\"font-style:normal;font-weight:500\">Szem\u00e9lyes j\u00f6v\u0151tervez\u00e9s: szem\u00e9lyes c\u00e9lok, elk\u00e9pzel\u00e9sek, kih\u00edv\u00e1sok \u00e9s f\u00e9lelmek, az ell\u00e1t\u00f3rendszer, lehet\u0151s\u00e9gek a saj\u00e1t orsz\u00e1gomban.<\/p>\n<\/div><\/div>\n\n\n\n<div class=\"wp-block-media-text is-stacked-on-mobile\" style=\"grid-template-columns:15% auto\"><figure class=\"wp-block-media-text__media\"><img loading=\"lazy\" decoding=\"async\" width=\"512\" height=\"512\" src=\"https:\/\/faircarecoop.com\/wp-content\/uploads\/2025\/09\/training-online-icon.png\" alt=\"\" class=\"wp-image-144 size-full\" srcset=\"https:\/\/faircarecoop.com\/wp-content\/uploads\/2025\/09\/training-online-icon.png 512w, https:\/\/faircarecoop.com\/wp-content\/uploads\/2025\/09\/training-online-icon-300x300.png 300w, https:\/\/faircarecoop.com\/wp-content\/uploads\/2025\/09\/training-online-icon-150x150.png 150w\" sizes=\"auto, (max-width: 512px) 100vw, 512px\" \/><\/figure><div class=\"wp-block-media-text__content\">\n<p style=\"font-style:normal;font-weight:700\"><strong>Az \u00e1pol\u00f3k szerepe \u00e9s a csal\u00e1di gondoz\u00f3k helyzete<\/strong>&nbsp;<\/p>\n\n\n\n<p style=\"font-style:normal;font-weight:500\">Tan\u00e1csad\u00e1si m\u00f3dszerek: kommunik\u00e1ci\u00f3, kliens-k\u00f6zpont\u00fa megk\u00f6zel\u00edt\u00e9s, sorst\u00e1rsi megk\u00f6zel\u00edt\u00e9s.<\/p>\n\n\n\n<p>Gyakorlati tapasztalatok az \u00f6n\u00e9rv\u00e9nyes\u00edt\u00e9sben.<\/p>\n\n\n\n<p style=\"font-style:normal;font-weight:500\">Tan\u00e1csad\u00e1s \u00e9s marketing az ell\u00e1t\u00e1sra szorul\u00f3k sz\u00e1m\u00e1ra, az \u0151 bevon\u00e1sukkal.<\/p>\n<\/div><\/div>\n\n\n\n<div class=\"wp-block-media-text is-stacked-on-mobile has-very-light-gray-to-cyan-bluish-gray-gradient-background has-background\" style=\"grid-template-columns:15% auto\"><figure class=\"wp-block-media-text__media\"><img loading=\"lazy\" decoding=\"async\" width=\"512\" height=\"512\" src=\"https:\/\/faircarecoop.com\/wp-content\/uploads\/2025\/09\/training-online-icon.png\" alt=\"\" class=\"wp-image-144 size-full\" srcset=\"https:\/\/faircarecoop.com\/wp-content\/uploads\/2025\/09\/training-online-icon.png 512w, https:\/\/faircarecoop.com\/wp-content\/uploads\/2025\/09\/training-online-icon-300x300.png 300w, https:\/\/faircarecoop.com\/wp-content\/uploads\/2025\/09\/training-online-icon-150x150.png 150w\" sizes=\"auto, (max-width: 512px) 100vw, 512px\" \/><\/figure><div class=\"wp-block-media-text__content\">\n<p style=\"font-style:normal;font-weight:700\"><strong>Kommunik\u00e1ci\u00f3<\/strong>&nbsp;<\/p>\n\n\n\n<p style=\"font-style:normal;font-weight:500\">Elv\u00e1r\u00e1sok a csal\u00e1di gondoz\u00f3kkal, \u00f6nk\u00e9ntesekkel, szak\u00e1pol\u00f3kkal \u00e9s a k\u00f6z\u00f6ss\u00e9ggel szemben.<\/p>\n\n\n\n<p style=\"font-style:normal;font-weight:500\">Tan\u00e1csad\u00e1si m\u00f3dszerek: konfliktuskezel\u00e9s \u00e9s rendszerszeml\u00e9let, megold\u00e1sorient\u00e1lt strat\u00e9gi\u00e1k.<\/p>\n<\/div><\/div>\n\n\n\n<div class=\"wp-block-media-text is-stacked-on-mobile\" style=\"grid-template-columns:15% auto\"><figure class=\"wp-block-media-text__media\"><img loading=\"lazy\" decoding=\"async\" width=\"512\" height=\"512\" src=\"https:\/\/faircarecoop.com\/wp-content\/uploads\/2025\/09\/training-online-icon.png\" alt=\"\" class=\"wp-image-144 size-full\" srcset=\"https:\/\/faircarecoop.com\/wp-content\/uploads\/2025\/09\/training-online-icon.png 512w, https:\/\/faircarecoop.com\/wp-content\/uploads\/2025\/09\/training-online-icon-300x300.png 300w, https:\/\/faircarecoop.com\/wp-content\/uploads\/2025\/09\/training-online-icon-150x150.png 150w\" sizes=\"auto, (max-width: 512px) 100vw, 512px\" \/><\/figure><div class=\"wp-block-media-text__content\">\n<p style=\"font-style:normal;font-weight:700\">Szem\u00e9lyk\u00f6zpont\u00fa tervez\u00e9s<\/p>\n\n\n\n<p style=\"font-style:normal;font-weight:500\">\u00d6n\u00e9rt\u00e9kel\u00e9s.<\/p>\n\n\n\n<p style=\"font-style:normal;font-weight:500\">Feln\u0151ttoktat\u00e1s: szerepek, feladatok \u00e9s m\u00f3dszerek a tr\u00e9ner szemsz\u00f6g\u00e9b\u0151l (form\u00e1lis, inform\u00e1lis tanul\u00e1s).<\/p>\n<\/div><\/div>\n\n\n\n<div class=\"wp-block-media-text is-stacked-on-mobile has-very-light-gray-to-cyan-bluish-gray-gradient-background has-background\" style=\"grid-template-columns:15% auto\"><figure class=\"wp-block-media-text__media\"><img loading=\"lazy\" decoding=\"async\" width=\"512\" height=\"512\" src=\"https:\/\/faircarecoop.com\/wp-content\/uploads\/2025\/09\/training-online-icon.png\" alt=\"\" class=\"wp-image-144 size-full\" srcset=\"https:\/\/faircarecoop.com\/wp-content\/uploads\/2025\/09\/training-online-icon.png 512w, https:\/\/faircarecoop.com\/wp-content\/uploads\/2025\/09\/training-online-icon-300x300.png 300w, https:\/\/faircarecoop.com\/wp-content\/uploads\/2025\/09\/training-online-icon-150x150.png 150w\" sizes=\"auto, (max-width: 512px) 100vw, 512px\" \/><\/figure><div class=\"wp-block-media-text__content\">\n<p style=\"font-style:normal;font-weight:700\">Feln\u0151ttoktat\u00e1s \u00e9s k\u00e9szs\u00e9gfejleszt\u00e9s<\/p>\n\n\n\n<p style=\"font-style:normal;font-weight:500\">\u00c9rt\u00e9kel\u00e9si \u00e9s kritikai m\u00f3dszerek elsaj\u00e1t\u00edt\u00e1sa \u00e9s alkalmaz\u00e1sa.<\/p>\n\n\n\n<p style=\"font-style:normal;font-weight:500\">A FairCare tr\u00e9ningkoncepci\u00f3 \u00e9s tanul\u00e1si k\u00f6zpontok fejleszt\u00e9se.<\/p>\n<\/div><\/div>\n\n\n\n<p>A linkre kattintva hozz\u00e1f\u00e9rhet\u0151 az egyszer\u0171en haszn\u00e1lhat\u00f3 Moodle-kurzus. A kurzus minden partner nyelv\u00e9n el\u00e9rhet\u0151: magyar, angol, n\u00e9met, olasz, spanyol \u00e9s g\u00f6r\u00f6g (Ciprus). A kurzus \u00f6n\u00e1ll\u00f3an is felfedezhet\u0151, de szem\u00e9lyes \u00e9s csoportos k\u00e9pz\u00e9sre is van m\u00f3d az adott orsz\u00e1g FairCare tr\u00e9ningk\u00f6zpontj\u00e1ban, az orsz\u00e1g koordin\u00e1tora seg\u00edts\u00e9g\u00e9vel.<br>Ehhez k\u00e9rj\u00fck l\u00e9pjen kapcsolatba az adott orsz\u00e1g koordin\u00e1tor\u00e1val. Magyarorsz\u00e1g koordin\u00e1tor\u00e1nak el\u00e9rhet\u0151s\u00e9gei: info@peoplefirst.hu<\/p>\n\n\n\n<div class=\"wp-block-buttons is-layout-flex wp-block-buttons-is-layout-flex\">\n<div class=\"wp-block-button\"><a class=\"wp-block-button__link wp-element-button\">Tr\u00e9ning<\/a><\/div>\n<\/div>\n","protected":false},"excerpt":{"rendered":"<p>A tr\u00e9ninganyag a kezdetekt\u0151l fogva a c\u00e9lcsoportok sz\u00fcks\u00e9gletei alapj\u00e1n ker\u00fclt kidolgoz\u00e1sra. Ezeket a sz\u00fcks\u00e9gleteket el\u0151sz\u00f6r k\u00e9rd\u0151\u00edvekkel m\u00e9rt\u00fck fel, majd az eredm\u00e9nyek elemz\u00e9s\u00e9t k\u00f6vet\u0151en kialak\u00edtottuk a tr\u00e9ninganyag szerkezet\u00e9t. A tr\u00e9ninganyagot a partnerorsz\u00e1gok Tan\u00e1csad\u00f3 Csapatai t\u00f6lt\u00f6tt\u00e9k meg tartalommal. Ez azt jelenti, hogy mindazt, ami a tr\u00e9ninganyagban olvashat\u00f3, a h\u00e1rom c\u00e9lcsoport tagjai javasolt\u00e1k, \u00edrt\u00e1k, fel\u00fclvizsg\u00e1lt\u00e1k \u00e9s \u00e1ll\u00edtott\u00e1k \u00f6ssze. [&hellip;]<\/p>\n","protected":false},"author":1,"featured_media":0,"parent":0,"menu_order":0,"comment_status":"closed","ping_status":"closed","template":"","meta":{"footnotes":""},"class_list":["post-518","page","type-page","status-publish","hentry"],"_links":{"self":[{"href":"https:\/\/faircarecoop.com\/hu\/wp-json\/wp\/v2\/pages\/518","targetHints":{"allow":["GET"]}}],"collection":[{"href":"https:\/\/faircarecoop.com\/hu\/wp-json\/wp\/v2\/pages"}],"about":[{"href":"https:\/\/faircarecoop.com\/hu\/wp-json\/wp\/v2\/types\/page"}],"author":[{"embeddable":true,"href":"https:\/\/faircarecoop.com\/hu\/wp-json\/wp\/v2\/users\/1"}],"replies":[{"embeddable":true,"href":"https:\/\/faircarecoop.com\/hu\/wp-json\/wp\/v2\/comments?post=518"}],"version-history":[{"count":23,"href":"https:\/\/faircarecoop.com\/hu\/wp-json\/wp\/v2\/pages\/518\/revisions"}],"predecessor-version":[{"id":819,"href":"https:\/\/faircarecoop.com\/hu\/wp-json\/wp\/v2\/pages\/518\/revisions\/819"}],"wp:attachment":[{"href":"https:\/\/faircarecoop.com\/hu\/wp-json\/wp\/v2\/media?parent=518"}],"curies":[{"name":"wp","href":"https:\/\/api.w.org\/{rel}","templated":true}]}}