{"id":224,"date":"2025-11-17T18:11:44","date_gmt":"2025-11-17T18:11:44","guid":{"rendered":"https:\/\/faircarecoop.com\/?page_id=224"},"modified":"2026-02-14T10:43:38","modified_gmt":"2026-02-14T10:43:38","slug":"Informazioni-su-di-noi","status":"publish","type":"page","link":"https:\/\/faircarecoop.com\/it\/Informazioni-su-di-noi\/","title":{"rendered":"Chi siamo"},"content":{"rendered":"\n<p><strong>Titolo del progetto:<\/strong><br><strong>Fair Care<\/strong><br><strong>Learning and Training for Inclusion and Self-determination in Long Term Care<\/strong><\/p>\n\n\n\n<p><strong>Durata:<\/strong><br>01.10.2024 \u2013 31.05.2027<\/p>\n\n\n\n<p>Le organizzazioni partner operano in diversi ambiti, rappresentando collettivamente tutti gruppi target del progetto.<\/p>\n\n\n\n<p><strong>Verein zur sozialen und beruflichen Integration e.V. \u2013 GERMANIA<\/strong><br>VSBI \u00e8 coordinatrice del progetto ed \u00e8 attiva in diversi stati federali della Germania, con sede a Merseburg. Fornisce servizi sociali e formazione per adulti a persone con disabilit\u00e0 e anziani. Il suo obiettivo \u00e8 sperimentare nuovi modelli di servizio che garantiscano l\u2019inclusione sociale di persone con disabilit\u00e0 e anziani. L\u2019organizzazione offre consulenza sulla vita indipendente, gestisce helpdesk sui budget personali, gestisce centri di assistenza, fornisce servizi di cura e supporto e organizza corsi di formazione.<br>Link: <a href=\"https:\/\/vsbi.eu\/\">VSBI<\/a><br><br><\/p>\n\n\n\n<p><strong>Cooperativa Sociale Cooss Marche Onlus Societ\u00e0 Cooperativa Per Azioni \u2013 ITALIA<\/strong><br>Il partner italiano ha sede ad Ancona. Opera come associazione, fornendo servizi di assistenza ed educativi ad anziani e a persone con disabilit\u00e0, per favorirne la vita indipendente. L\u2019obiettivo principale di COOSS \u00e8 sostenere l\u2019integrazione sociale e lavorativa delle persone con bisogni diversi attraverso servizi educativi, sociali e assistenziali. L\u2019organizzazione partecipa a progetti UE per sviluppare soluzioni innovative, organizza corsi di formazione per professionisti sociali ed \u00e8 un centro per l\u2019impiego accreditato.<br>Link:<a href=\"https:\/\/www.cooss.it\/en\/\">COOS<\/a><br><br><\/p>\n\n\n\n<p><strong>Ske Pelendriou \u2013 CIPRO<\/strong><br>Il partner cipriota, con sede a Pelendri e Limassol, opera anch\u2019esso come associazione e propone programmi sociali per supportare i gruppi vulnerabili. Il loro obiettivo \u00e8 fornire i servizi sociali necessari nella regione di Pitsilia. Gestisce un centro diurno, una casa di cura per anziani e servizi domiciliari per anziani e persone con disabilit\u00e0. Nell\u2019ambito della protezione dei minori, gestisce un asilo nido e organizza campi estivi. Supporta inoltre l\u2019integrazione dei giovani immigrati.<br>Link: <a href=\"https:\/\/www.facebook.com\/profile.php?id=100064561967076&#038;locale=km_KH\">Facebook Ske Pelendriou<\/a><br><br><\/p>\n\n\n\n<p><strong>People First Associazione di Utilit\u00e0 Pubblica\u2013 UNGHERIA<\/strong><br>Il partner ungherese, situato a P\u00e9cs, sostiene la vita indipendente e l\u2019autorappresentazione delle persone con disabilit\u00e0. L\u2019associazione \u00e8 membro di una rete internazionale. La sua unicit\u00e0 consiste nel fatto che include membri con tutti i tipi di disabilit\u00e0, creando opportunit\u00e0 di apprendimento reciproco. Mira a implementare soluzioni innovative, a promuovere i diritti umani, a rappresentare gli interessi delle persone con disabilit\u00e0 e a mantenere un forte impegno verso il principio \u201cNothing About Us Without Us\u201d. In Ungheria, People First gestisce anche progetti unici a supporto del turismo accessibile.<br>Link: <a href=\"https:\/\/peoplefirst.hu\/en\/\">People First-HU<\/a><br><br><\/p>\n\n\n\n<p><strong>3IN Social, SCCL \u2013 SPAGNA<\/strong><br>Il partner spagnolo, con sede a Barcellona, opera come impresa senza scopo di lucro. \u00c8 una cooperativa di lavoratori a scopo sociale che realizza servizi e progetti di innovazione sociale e ambientale, con particolare attenzione all\u2019interculturalit\u00e0. Lavora con giovani nel campo dell\u2019integrazione nel mercato del lavoro. Il suo obiettivo \u00e8 approfondire gli aspetti di interculturalit\u00e0, inclusione e lavoro intergenerazionale, ed implementare metodologie innovative.<br>Link:<a href=\"https:\/\/www.3insocial.org\/en\/\" target=\"_blank\" rel=\"noreferrer noopener\">3IN Social <\/a>&nbsp;<\/p>\n\n\n\n<p><\/p>\n","protected":false},"excerpt":{"rendered":"<p>Titolo del progetto:Fair CareLearning and Training for Inclusion and Self-determination in Long Term Care Durata:01.10.2024 \u2013 31.05.2027 Le organizzazioni partner operano in diversi ambiti, rappresentando collettivamente tutti gruppi target del progetto. Verein zur sozialen und beruflichen Integration e.V. \u2013 GERMANIAVSBI \u00e8 coordinatrice del progetto ed \u00e8 attiva in diversi stati federali della Germania, con sede [&hellip;]<\/p>\n","protected":false},"author":1,"featured_media":190,"parent":0,"menu_order":0,"comment_status":"closed","ping_status":"closed","template":"","meta":{"footnotes":""},"class_list":["post-224","page","type-page","status-publish","has-post-thumbnail","hentry"],"_links":{"self":[{"href":"https:\/\/faircarecoop.com\/it\/wp-json\/wp\/v2\/pages\/224","targetHints":{"allow":["GET"]}}],"collection":[{"href":"https:\/\/faircarecoop.com\/it\/wp-json\/wp\/v2\/pages"}],"about":[{"href":"https:\/\/faircarecoop.com\/it\/wp-json\/wp\/v2\/types\/page"}],"author":[{"embeddable":true,"href":"https:\/\/faircarecoop.com\/it\/wp-json\/wp\/v2\/users\/1"}],"replies":[{"embeddable":true,"href":"https:\/\/faircarecoop.com\/it\/wp-json\/wp\/v2\/comments?post=224"}],"version-history":[{"count":46,"href":"https:\/\/faircarecoop.com\/it\/wp-json\/wp\/v2\/pages\/224\/revisions"}],"predecessor-version":[{"id":808,"href":"https:\/\/faircarecoop.com\/it\/wp-json\/wp\/v2\/pages\/224\/revisions\/808"}],"wp:featuredmedia":[{"embeddable":true,"href":"https:\/\/faircarecoop.com\/it\/wp-json\/wp\/v2\/media\/190"}],"wp:attachment":[{"href":"https:\/\/faircarecoop.com\/it\/wp-json\/wp\/v2\/media?parent=224"}],"curies":[{"name":"wp","href":"https:\/\/api.w.org\/{rel}","templated":true}]}}