{"id":518,"date":"2025-11-23T18:52:50","date_gmt":"2025-11-23T18:52:50","guid":{"rendered":"https:\/\/faircarecoop.com\/?page_id=518"},"modified":"2026-02-20T11:43:09","modified_gmt":"2026-02-20T11:43:09","slug":"Pagina-dei-materiali-di-formazione","status":"publish","type":"page","link":"https:\/\/faircarecoop.com\/it\/Pagina-dei-materiali-di-formazione\/","title":{"rendered":"Materiale formativo"},"content":{"rendered":"\n<div class=\"wp-block-group is-nowrap is-layout-flex wp-container-core-group-is-layout-6c531013 wp-block-group-is-layout-flex\">\n<p><br>Il materiale formativo \u00e8 stato sviluppato fin dall&#8217;inizio sulla base delle esigenze dei gruppi target. Abbiamo prima valutato tali esigenze tramite questionari e, dopo aver analizzato i risultati, abbiamo creato la struttura del materiale. Il materiale formativo \u00e8 stato completato con i contenuti forniti dagli advisory groups dei paesi partner.<\/p>\n\n\n\n<figure class=\"wp-block-image size-large is-style-default\"><img loading=\"lazy\" decoding=\"async\" width=\"1024\" height=\"682\" src=\"https:\/\/faircarecoop.com\/wp-content\/uploads\/2025\/10\/Training-2-valtozat-1024x682.jpg\" alt=\"\" class=\"wp-image-204\" style=\"object-fit:cover\" srcset=\"https:\/\/faircarecoop.com\/wp-content\/uploads\/2025\/10\/Training-2-valtozat-1024x682.jpg 1024w, https:\/\/faircarecoop.com\/wp-content\/uploads\/2025\/10\/Training-2-valtozat-300x200.jpg 300w, https:\/\/faircarecoop.com\/wp-content\/uploads\/2025\/10\/Training-2-valtozat-768x512.jpg 768w, https:\/\/faircarecoop.com\/wp-content\/uploads\/2025\/10\/Training-2-valtozat.jpg 1280w\" sizes=\"auto, (max-width: 1024px) 100vw, 1024px\" \/><\/figure>\n<\/div>\n\n\n\n<div class=\"wp-block-group\"><div class=\"wp-block-group__inner-container is-layout-constrained wp-block-group-is-layout-constrained\">\n<p><br>Ci\u00f2 significa che tutto il materiale formativo \u00e8 stato suggerito, scritto, revisionato e compilato dai tre gruppi target stessi. Esso contiene davvero ci\u00f2 di cui hanno bisogno le persone che vivono in un sistema di cura a lungo termine e coloro che le assistono per condurre una vita il pi\u00f9 possibile autonoma.<\/p>\n<\/div><\/div>\n\n\n\n<p><br>Il materiale formativo sar\u00e0 composto da 5 moduli:<\/p>\n\n\n\n<div class=\"wp-block-media-text is-stacked-on-mobile has-very-light-gray-to-cyan-bluish-gray-gradient-background has-background\" style=\"grid-template-columns:15% auto\"><figure class=\"wp-block-media-text__media\"><img loading=\"lazy\" decoding=\"async\" width=\"512\" height=\"512\" src=\"https:\/\/faircarecoop.com\/wp-content\/uploads\/2025\/09\/training-online-icon.png\" alt=\"\" class=\"wp-image-144 size-full\" srcset=\"https:\/\/faircarecoop.com\/wp-content\/uploads\/2025\/09\/training-online-icon.png 512w, https:\/\/faircarecoop.com\/wp-content\/uploads\/2025\/09\/training-online-icon-300x300.png 300w, https:\/\/faircarecoop.com\/wp-content\/uploads\/2025\/09\/training-online-icon-150x150.png 150w\" sizes=\"auto, (max-width: 512px) 100vw, 512px\" \/><\/figure><div class=\"wp-block-media-text__content\">\n<p style=\"font-style:normal;font-weight:700\"><strong>Auto-Empowerment e autodeterminazione<\/strong>&nbsp;<\/p>\n\n\n\n<p style=\"font-style:normal;font-weight:500\">Autoconsapevolezza e identit\u00e0 come persona bisognosa di cura<\/p>\n\n\n\n<p style=\"font-style:normal;font-weight:500\">Il concetto di peer counseling<\/p>\n\n\n\n<p style=\"font-style:normal;font-weight:500\">Pianificazione personale del futuro: obiettivi personali, idee, sfide e paure; sistema di assistenza e opportunit\u00e0 nel mio paese<\/p>\n<\/div><\/div>\n\n\n\n<div class=\"wp-block-media-text is-stacked-on-mobile\" style=\"grid-template-columns:15% auto\"><figure class=\"wp-block-media-text__media\"><img loading=\"lazy\" decoding=\"async\" width=\"512\" height=\"512\" src=\"https:\/\/faircarecoop.com\/wp-content\/uploads\/2025\/09\/training-online-icon.png\" alt=\"\" class=\"wp-image-144 size-full\" srcset=\"https:\/\/faircarecoop.com\/wp-content\/uploads\/2025\/09\/training-online-icon.png 512w, https:\/\/faircarecoop.com\/wp-content\/uploads\/2025\/09\/training-online-icon-300x300.png 300w, https:\/\/faircarecoop.com\/wp-content\/uploads\/2025\/09\/training-online-icon-150x150.png 150w\" sizes=\"auto, (max-width: 512px) 100vw, 512px\" \/><\/figure><div class=\"wp-block-media-text__content\">\n<p style=\"font-style:normal;font-weight:700\"><strong>Il ruolo dei Caregivers e la situazione dei Family Caregivers<\/strong>&nbsp;<\/p>\n\n\n\n<p style=\"font-style:normal;font-weight:500\">Metodi di consulenza: comunicazione, approccio orientato al cliente, approccio peer<\/p>\n\n\n\n<p style=\"font-style:normal;font-weight:500\">Esperienze pratiche in auto-gestione<\/p>\n\n\n\n<p style=\"font-style:normal;font-weight:500\">Comprendere consulenza e marketing da e per le persone che hanno bisogno di cure<\/p>\n<\/div><\/div>\n\n\n\n<div class=\"wp-block-media-text is-stacked-on-mobile has-very-light-gray-to-cyan-bluish-gray-gradient-background has-background\" style=\"grid-template-columns:15% auto\"><figure class=\"wp-block-media-text__media\"><img loading=\"lazy\" decoding=\"async\" width=\"512\" height=\"512\" src=\"https:\/\/faircarecoop.com\/wp-content\/uploads\/2025\/09\/training-online-icon.png\" alt=\"\" class=\"wp-image-144 size-full\" srcset=\"https:\/\/faircarecoop.com\/wp-content\/uploads\/2025\/09\/training-online-icon.png 512w, https:\/\/faircarecoop.com\/wp-content\/uploads\/2025\/09\/training-online-icon-300x300.png 300w, https:\/\/faircarecoop.com\/wp-content\/uploads\/2025\/09\/training-online-icon-150x150.png 150w\" sizes=\"auto, (max-width: 512px) 100vw, 512px\" \/><\/figure><div class=\"wp-block-media-text__content\">\n<p style=\"font-style:normal;font-weight:700\"><strong>Comunicazione<\/strong>&nbsp;<\/p>\n\n\n\n<p style=\"font-style:normal;font-weight:500\">Aspetti verso assistenti informali, volontari, assistenti professionali e la comunit\u00e0<\/p>\n\n\n\n<p style=\"font-style:normal;font-weight:500\">Metodi di consulenza: gestione dei conflitti e prospettiva sistemica, nonch\u00e9 strategie di soluzione<\/p>\n<\/div><\/div>\n\n\n\n<div class=\"wp-block-media-text is-stacked-on-mobile\" style=\"grid-template-columns:15% auto\"><figure class=\"wp-block-media-text__media\"><img loading=\"lazy\" decoding=\"async\" width=\"512\" height=\"512\" src=\"https:\/\/faircarecoop.com\/wp-content\/uploads\/2025\/09\/training-online-icon.png\" alt=\"\" class=\"wp-image-144 size-full\" srcset=\"https:\/\/faircarecoop.com\/wp-content\/uploads\/2025\/09\/training-online-icon.png 512w, https:\/\/faircarecoop.com\/wp-content\/uploads\/2025\/09\/training-online-icon-300x300.png 300w, https:\/\/faircarecoop.com\/wp-content\/uploads\/2025\/09\/training-online-icon-150x150.png 150w\" sizes=\"auto, (max-width: 512px) 100vw, 512px\" \/><\/figure><div class=\"wp-block-media-text__content\">\n<p style=\"font-style:normal;font-weight:700\">Pianificazione del personale<\/p>\n\n\n\n<p style=\"font-style:normal;font-weight:500\">Autovalutazione<\/p>\n\n\n\n<p style=\"font-style:normal;font-weight:500\">Istruzione degli adulti: ruoli, funzioni e metodi (apprendimento formale, informale e non formale) da una prospettiva del formatore<\/p>\n<\/div><\/div>\n\n\n\n<div class=\"wp-block-media-text is-stacked-on-mobile has-very-light-gray-to-cyan-bluish-gray-gradient-background has-background\" style=\"grid-template-columns:15% auto\"><figure class=\"wp-block-media-text__media\"><img loading=\"lazy\" decoding=\"async\" width=\"512\" height=\"512\" src=\"https:\/\/faircarecoop.com\/wp-content\/uploads\/2025\/09\/training-online-icon.png\" alt=\"\" class=\"wp-image-144 size-full\" srcset=\"https:\/\/faircarecoop.com\/wp-content\/uploads\/2025\/09\/training-online-icon.png 512w, https:\/\/faircarecoop.com\/wp-content\/uploads\/2025\/09\/training-online-icon-300x300.png 300w, https:\/\/faircarecoop.com\/wp-content\/uploads\/2025\/09\/training-online-icon-150x150.png 150w\" sizes=\"auto, (max-width: 512px) 100vw, 512px\" \/><\/figure><div class=\"wp-block-media-text__content\">\n<p style=\"font-style:normal;font-weight:700\">Formazione e sviluppo delle competenze per adulti<\/p>\n\n\n\n<p style=\"font-style:normal;font-weight:500\">Imparare e applicare la valutazione e metodi critici<\/p>\n\n\n\n<p style=\"font-style:normal;font-weight:500\">Sviluppare il concetto di formazione FairCare e il centro di apprendimento<\/p>\n<\/div><\/div>\n\n\n\n<p><br>Clicca sul link per accedere al corso Moodle: \u00e8 facilmente accessibile e disponibile in tutte le lingue dei partner: inglese, ungherese, tedesco, italiano, spagnolo e greco (Cipro). Puoi iniziare a esplorare il corso da solo o contattare il coordinatore del tuo Paese per partecipare a una formazione faccia a faccia. Puoi anche partecipare ad una sessione di gruppo, che il coordinatore del tuo Paese sar\u00e0 lieto di organizzare per te presso il FairCare Training Center.<\/p>\n\n\n\n<p><br>Puoi trovare i recapiti del coordinatore del tuo Paese nella pagina iniziale.<\/p>\n\n\n\n<div class=\"wp-block-buttons is-layout-flex wp-block-buttons-is-layout-flex\">\n<div class=\"wp-block-button\"><a class=\"wp-block-button__link wp-element-button\">MATERIALE FORMATIVO<\/a><\/div>\n<\/div>\n\n\n\n<p><\/p>\n","protected":false},"excerpt":{"rendered":"<p>Il materiale formativo \u00e8 stato sviluppato fin dall&#8217;inizio sulla base delle esigenze dei gruppi target. Abbiamo prima valutato tali esigenze tramite questionari e, dopo aver analizzato i risultati, abbiamo creato la struttura del materiale. Il materiale formativo \u00e8 stato completato con i contenuti forniti dagli advisory groups dei paesi partner. Ci\u00f2 significa che tutto il [&hellip;]<\/p>\n","protected":false},"author":1,"featured_media":0,"parent":0,"menu_order":0,"comment_status":"closed","ping_status":"closed","template":"","meta":{"footnotes":""},"class_list":["post-518","page","type-page","status-publish","hentry"],"_links":{"self":[{"href":"https:\/\/faircarecoop.com\/it\/wp-json\/wp\/v2\/pages\/518","targetHints":{"allow":["GET"]}}],"collection":[{"href":"https:\/\/faircarecoop.com\/it\/wp-json\/wp\/v2\/pages"}],"about":[{"href":"https:\/\/faircarecoop.com\/it\/wp-json\/wp\/v2\/types\/page"}],"author":[{"embeddable":true,"href":"https:\/\/faircarecoop.com\/it\/wp-json\/wp\/v2\/users\/1"}],"replies":[{"embeddable":true,"href":"https:\/\/faircarecoop.com\/it\/wp-json\/wp\/v2\/comments?post=518"}],"version-history":[{"count":23,"href":"https:\/\/faircarecoop.com\/it\/wp-json\/wp\/v2\/pages\/518\/revisions"}],"predecessor-version":[{"id":819,"href":"https:\/\/faircarecoop.com\/it\/wp-json\/wp\/v2\/pages\/518\/revisions\/819"}],"wp:attachment":[{"href":"https:\/\/faircarecoop.com\/it\/wp-json\/wp\/v2\/media?parent=518"}],"curies":[{"name":"wp","href":"https:\/\/api.w.org\/{rel}","templated":true}]}}